{"id":342,"date":"2019-03-19T10:39:46","date_gmt":"2019-03-19T03:39:46","guid":{"rendered":"https:\/\/soict.hust.edu.vn\/innovation\/?page_id=342"},"modified":"2021-06-05T09:30:10","modified_gmt":"2021-06-05T02:30:10","slug":"choose-a-partner","status":"publish","type":"page","link":"https:\/\/soict.hust.edu.vn\/innovation\/vi\/partners\/choose-a-partner","title":{"rendered":"Kh\u1edfi nghi\u1ec7p c\u00f4ng ngh\u1ec7"},"content":{"rendered":"\t<section class=\"section\" id=\"section_111508791\">\n\t\t<div class=\"bg section-bg fill bg-fill  bg-loaded\" >\n\n\t\t\t\n\t\t\t\n\t\t\t\n\n\t\t<\/div>\n\n\t\t<div class=\"section-content relative\">\n\t\t\t\n<div class=\"row\"  id=\"row-1813360621\">\n\n\t<div id=\"col-1928295140\" class=\"col small-12 large-12\"  >\n\t\t<div class=\"col-inner text-center\"  >\n\t\t\t\n\t\t\t\n<h2 class=\"center\"><span style=\"font-size: 150%;\">Kh\u1edfi nghi\u1ec7p C\u00f4ng ngh\u1ec7<\/span><\/h2>\n<p>H\u1ec7 sinh th\u00e1i SOICT trong h\u1ed7 tr\u1ee3 Kh\u1edfi nghi\u1ec7p c\u00f4ng ngh\u1ec7 cho Sinh vi\u00ean v\u00e0 c\u00e1c th\u00e0nh vi\u00ean Alumni<\/p>\n\t\t<\/div>\n\t\t\t<\/div>\n\n\t\n\n\t<div id=\"col-1294901854\" class=\"col medium-4 small-12 large-4\"  >\n\t\t<div class=\"col-inner\"  >\n\t\t\t\n\t\t\t\n\t<div class=\"img has-hover x md-x lg-x y md-y lg-y\" id=\"image_381539410\">\n\t\t\t\t\t\t\t\t<div class=\"img-inner dark\" >\n\t\t\t<img width=\"364\" height=\"205\" src=\"https:\/\/soict.hust.edu.vn\/innovation\/wp-content\/uploads\/2019\/03\/Screen-Shot-2019-03-19-at-11.19.03-AM.png\" class=\"attachment-large size-large\" alt=\"\" loading=\"lazy\" srcset=\"https:\/\/soict.hust.edu.vn\/innovation\/wp-content\/uploads\/2019\/03\/Screen-Shot-2019-03-19-at-11.19.03-AM.png 364w, https:\/\/soict.hust.edu.vn\/innovation\/wp-content\/uploads\/2019\/03\/Screen-Shot-2019-03-19-at-11.19.03-AM-300x169.png 300w\" sizes=\"(max-width: 364px) 100vw, 364px\" \/>\t\t\t\t\t\t\n\t\t\t\t\t<\/div>\n\t\t\t\t\t\t\t\t\n<style>\n#image_381539410 {\n  width: 100%;\n}\n<\/style>\n\t<\/div>\n\t\n<div class=\"main-headline\">\n<div class=\"main-headline\">\n<h3><strong>H\u1ea1 t\u1ea7ng Start-up<\/strong><\/h3>\n<\/div>\n<div class=\"small-head-body\">\n<p>V\u1edbi n\u1ec1n t\u1ea3ng v\u00e0 c\u1ed9ng \u0111\u1ed9ng \u0111\u1ed3ng l\u1edbn m\u1ea1nh trong kh\u1edfi nghi\u1ec7p. SoICT Innovation Center h\u1ed7 tr\u1ee3 cho c\u00e1c nh\u00f3m kh\u1edfi nghi\u1ec7p n\u1ec1n m\u00f3ng cho c\u00e1c ho\u1ea1t \u0111\u1ed9ng c\u1ee7a m\u00ecnh<\/p>\n<ul>\n<li>M\u00f4i tr\u01b0\u1eddng l\u00e0m vi\u1ec7c s\u00e1ng t\u1ea1o<\/li>\n<li>Review \u00fd t\u01b0\u1edfng s\u00e1ng t\u1ea1o<\/li>\n<li>H\u1ed7 tr\u1ee3 x\u00e2y d\u1ef1ng team<\/li>\n<li>Cung c\u1ea5p c\u00e1c d\u1ecbch v\u1ee5 trong h\u1ec7 sinh th\u00e1i<\/li>\n<li>H\u1ed7 tr\u1ee3 c\u00f4ng ngh\u1ec7 l\u00f5i cho \u00fd t\u01b0\u1edfng\u00a0<\/li>\n<\/ul>\n<\/div>\n<\/div>\n\t\t<\/div>\n\t\t\t<\/div>\n\n\t\n\n\t<div id=\"col-2102449136\" class=\"col medium-4 small-12 large-4\"  >\n\t\t<div class=\"col-inner\"  >\n\t\t\t\n\t\t\t\n\t<div class=\"img has-hover x md-x lg-x y md-y lg-y\" id=\"image_1180587804\">\n\t\t\t\t\t\t\t\t<div class=\"img-inner dark\" >\n\t\t\t<img width=\"365\" height=\"203\" src=\"https:\/\/soict.hust.edu.vn\/innovation\/wp-content\/uploads\/2019\/03\/Screen-Shot-2019-03-19-at-11.19.10-AM.png\" class=\"attachment-large size-large\" alt=\"\" loading=\"lazy\" srcset=\"https:\/\/soict.hust.edu.vn\/innovation\/wp-content\/uploads\/2019\/03\/Screen-Shot-2019-03-19-at-11.19.10-AM.png 365w, https:\/\/soict.hust.edu.vn\/innovation\/wp-content\/uploads\/2019\/03\/Screen-Shot-2019-03-19-at-11.19.10-AM-300x167.png 300w\" sizes=\"(max-width: 365px) 100vw, 365px\" \/>\t\t\t\t\t\t\n\t\t\t\t\t<\/div>\n\t\t\t\t\t\t\t\t\n<style>\n#image_1180587804 {\n  width: 100%;\n}\n<\/style>\n\t<\/div>\n\t\n<div class=\"main-headline\">\n<div class=\"main-headline\">\n<h3><strong>Spin off\u00a0<\/strong><\/h3>\n<\/div>\n<div class=\"small-head-body\">\n<p>\u0110\u01b0a s\u1ea3n ph\u1ea9m v\u00e0o \u1ee9ng d\u1ee5ng v\u00e0 qu\u1ea3ng b\u00e1 SP l\u00e0 b\u01b0\u1edbc kh\u00f3 kh\u0103n ph\u1ea3i v\u01b0\u1ee3t qua. C\u00f9ng tri\u1ec3n khai v\u00e0 \u0111\u1ea7u t\u01b0 ban \u0111\u1ea7u l\u00e0 cam k\u1ebft h\u1ed7 tr\u1ee3 m\u1ea1nh m\u1ebd c\u1ee7a Innovation Center cho c\u00e1c startup trong h\u1ec7 sinh th\u00e1i.<\/p>\n<ul>\n<li>H\u1ed7 tr\u1ee3 t\u00ecm ki\u1ebfm kh\u00e1ch h\u00e0ng v\u00e0 qu\u1ea3ng b\u00e1<\/li>\n<li>\u0110\u1ea7u t\u01b0 v\u00e0 c\u00f9ng g\u1ecdi v\u1ed1n cho s\u1ea3n ph\u1ea9m<\/li>\n<li>Tham gia v\u1eadn h\u00e0nh trong giai \u0111o\u1ea1n \u0111\u1ea7u<\/li>\n<li>C\u1ea5p ph\u00e9p s\u1eed d\u1ee5ng c\u00e1c c\u00f4ng ngh\u1ec7 s\u00e1ng t\u1ea1o SoICT<\/li>\n<\/ul>\n<\/div>\n<\/div>\n\t\t<\/div>\n\t\t\t<\/div>\n\n\t\n\n\t<div id=\"col-1725184687\" class=\"col medium-4 small-12 large-4\"  >\n\t\t<div class=\"col-inner\"  >\n\t\t\t\n\t\t\t\n\t<div class=\"img has-hover x md-x lg-x y md-y lg-y\" id=\"image_571540759\">\n\t\t\t\t\t\t\t\t<div class=\"img-inner dark\" >\n\t\t\t<img width=\"362\" height=\"202\" src=\"https:\/\/soict.hust.edu.vn\/innovation\/wp-content\/uploads\/2019\/03\/Screen-Shot-2019-03-19-at-11.19.19-AM.png\" class=\"attachment-large size-large\" alt=\"\" loading=\"lazy\" srcset=\"https:\/\/soict.hust.edu.vn\/innovation\/wp-content\/uploads\/2019\/03\/Screen-Shot-2019-03-19-at-11.19.19-AM.png 362w, https:\/\/soict.hust.edu.vn\/innovation\/wp-content\/uploads\/2019\/03\/Screen-Shot-2019-03-19-at-11.19.19-AM-300x167.png 300w\" sizes=\"(max-width: 362px) 100vw, 362px\" \/>\t\t\t\t\t\t\n\t\t\t\t\t<\/div>\n\t\t\t\t\t\t\t\t\n<style>\n#image_571540759 {\n  width: 100%;\n}\n<\/style>\n\t<\/div>\n\t\n<div class=\"main-headline\">\n<div class=\"main-headline\">\n<h3><strong>Mentor<\/strong><\/h3>\n<\/div>\n<div class=\"small-head-body\">\n<p>\u0110\u1ed9i ng\u0169 Mentors th\u00e0nh c\u00f4ng v\u00e0 chuy\u00ean nghi\u1ec7p t\u1eeb c\u00e1c gi\u1ea3ng vi\u00ean v\u00e0 c\u1ef1u sinh vi\u00ean lu\u00f4n \u0111\u1ed3ng h\u00e0nh c\u00f9ng c\u00e1c b\u1ea1n kh\u1edfi nghi\u1ec7p trong h\u1ec7 sinh th\u00e1i.\u00a0<\/p>\n<ul>\n<li>\u0110\u00e1nh gi\u00e1 ti\u1ec1m n\u0103ng cho \u00fd t\u01b0\u1edfng<\/li>\n<li>H\u01b0\u1edbng d\u1eabn v\u00e0 tham gia m\u1ea1ng l\u01b0\u1edbi h\u1ed7 tr\u1ee3 kh\u1edfi nghi\u1ec7p<\/li>\n<li>Tr\u1ef1c ti\u1ebfp trao \u0111\u1ed5i v\u1ec1 c\u00f4ng ngh\u1ec7 v\u00e0 s\u1ea3n ph\u1ea9m<\/li>\n<li>Chia s\u1ebb c\u00e1c kinh nghi\u1ec7m\u00a0<\/li>\n<\/ul>\n<\/div>\n<\/div>\n\t\t<\/div>\n\t\t\t<\/div>\n\n\t\n<\/div>\n\t\t<\/div>\n\n\t\t\n<style>\n#section_111508791 {\n  padding-top: 50px;\n  padding-bottom: 50px;\n}\n<\/style>\n\t<\/section>\n\t\n\t<section class=\"section dark\" id=\"section_80480920\">\n\t\t<div class=\"bg section-bg fill bg-fill  bg-loaded\" >\n\n\t\t\t\n\t\t\t\n\t\t\t\n\n\t\t<\/div>\n\n\t\t<div class=\"section-content relative\">\n\t\t\t\n<div class=\"row align-middle\"  id=\"row-740126969\">\n\n\t<div id=\"col-1294006468\" class=\"col pb-0 medium-6 small-12 large-6\"  >\n\t\t<div class=\"col-inner text-right\"  >\n\t\t\t\n\t\t\t\n\t\t<\/div>\n\t\t\t<\/div>\n\n\t\n\n\t<div id=\"col-1771800017\" class=\"col pb-0 medium-6 small-12 large-6\"  >\n\t\t<div class=\"col-inner\"  >\n\t\t\t\n\t\t\t\n\t\t<\/div>\n\t\t\t<\/div>\n\n\t\n<\/div>\n\t\t<\/div>\n\n\t\t\n<style>\n#section_80480920 {\n  padding-top: 30px;\n  padding-bottom: 30px;\n  background-color: rgb(0, 34, 74);\n}\n<\/style>\n\t<\/section>\n\t\n","protected":false},"excerpt":{"rendered":"","protected":false},"author":2,"featured_media":0,"parent":154,"menu_order":0,"comment_status":"closed","ping_status":"closed","template":"page-blank.php","meta":[],"yoast_head":"<!-- This site is optimized with the Yoast SEO plugin v16.4 - https:\/\/yoast.com\/wordpress\/plugins\/seo\/ -->\n<title>Kh\u1edfi nghi\u1ec7p c\u00f4ng ngh\u1ec7 - Innovation Center<\/title>\n<meta name=\"robots\" content=\"index, follow, max-snippet:-1, max-image-preview:large, max-video-preview:-1\" \/>\n<link rel=\"canonical\" href=\"https:\/\/soict.hust.edu.vn\/innovation\/vi\/partners\/choose-a-partner\" \/>\n<meta property=\"og:locale\" content=\"en_US\" \/>\n<meta property=\"og:type\" content=\"article\" \/>\n<meta property=\"og:title\" content=\"Kh\u1edfi nghi\u1ec7p c\u00f4ng ngh\u1ec7 - Innovation Center\" \/>\n<meta property=\"og:url\" content=\"https:\/\/soict.hust.edu.vn\/innovation\/vi\/partners\/choose-a-partner\" \/>\n<meta property=\"og:site_name\" content=\"Innovation Center\" \/>\n<meta property=\"article:modified_time\" content=\"2021-06-05T02:30:10+00:00\" \/>\n<meta name=\"twitter:card\" content=\"summary_large_image\" \/>\n<script type=\"application\/ld+json\" class=\"yoast-schema-graph\">{\"@context\":\"https:\/\/schema.org\",\"@graph\":[{\"@type\":\"WebSite\",\"@id\":\"https:\/\/soict.hust.edu.vn\/innovation\/#website\",\"url\":\"https:\/\/soict.hust.edu.vn\/innovation\/\",\"name\":\"Innovation Center\",\"description\":\"M\\u1ed9t trang web m\\u1edbi s\\u1eed d\\u1ee5ng WordPress\",\"potentialAction\":[{\"@type\":\"SearchAction\",\"target\":\"https:\/\/soict.hust.edu.vn\/innovation\/?s={search_term_string}\",\"query-input\":\"required name=search_term_string\"}],\"inLanguage\":\"en-US\"},{\"@type\":\"WebPage\",\"@id\":\"https:\/\/soict.hust.edu.vn\/innovation\/vi\/partners\/choose-a-partner#webpage\",\"url\":\"https:\/\/soict.hust.edu.vn\/innovation\/vi\/partners\/choose-a-partner\",\"name\":\"Kh\\u1edfi nghi\\u1ec7p c\\u00f4ng ngh\\u1ec7 - Innovation Center\",\"isPartOf\":{\"@id\":\"https:\/\/soict.hust.edu.vn\/innovation\/#website\"},\"datePublished\":\"2019-03-19T03:39:46+00:00\",\"dateModified\":\"2021-06-05T02:30:10+00:00\",\"breadcrumb\":{\"@id\":\"https:\/\/soict.hust.edu.vn\/innovation\/vi\/partners\/choose-a-partner#breadcrumb\"},\"inLanguage\":\"en-US\",\"potentialAction\":[{\"@type\":\"ReadAction\",\"target\":[\"https:\/\/soict.hust.edu.vn\/innovation\/vi\/partners\/choose-a-partner\"]}]},{\"@type\":\"BreadcrumbList\",\"@id\":\"https:\/\/soict.hust.edu.vn\/innovation\/vi\/partners\/choose-a-partner#breadcrumb\",\"itemListElement\":[{\"@type\":\"ListItem\",\"position\":1,\"item\":{\"@type\":\"WebPage\",\"@id\":\"https:\/\/soict.hust.edu.vn\/innovation\/vi\/trang-chu\",\"url\":\"https:\/\/soict.hust.edu.vn\/innovation\/vi\/trang-chu\",\"name\":\"Trang ch\\u1ee7\"}},{\"@type\":\"ListItem\",\"position\":2,\"item\":{\"@type\":\"WebPage\",\"@id\":\"https:\/\/soict.hust.edu.vn\/innovation\/vi\/partners\",\"url\":\"https:\/\/soict.hust.edu.vn\/innovation\/vi\/partners\",\"name\":\"Partners\"}},{\"@type\":\"ListItem\",\"position\":3,\"item\":{\"@id\":\"https:\/\/soict.hust.edu.vn\/innovation\/vi\/partners\/choose-a-partner#webpage\"}}]},{\"@type\":\"Person\",\"@id\":\"https:\/\/soict.hust.edu.vn\/innovation\/#\/schema\/person\/c20e6614d557d43ead2d618a6346bb66\",\"name\":\"innovation_admin\",\"image\":{\"@type\":\"ImageObject\",\"@id\":\"https:\/\/soict.hust.edu.vn\/innovation\/#personlogo\",\"inLanguage\":\"en-US\",\"url\":\"https:\/\/secure.gravatar.com\/avatar\/c2c0f74242f7deea83690dbc297dd091?s=96&d=mm&r=g\",\"contentUrl\":\"https:\/\/secure.gravatar.com\/avatar\/c2c0f74242f7deea83690dbc297dd091?s=96&d=mm&r=g\",\"caption\":\"innovation_admin\"}}]}<\/script>\n<!-- \/ Yoast SEO plugin. -->","_links":{"self":[{"href":"https:\/\/soict.hust.edu.vn\/innovation\/wp-json\/wp\/v2\/pages\/342"}],"collection":[{"href":"https:\/\/soict.hust.edu.vn\/innovation\/wp-json\/wp\/v2\/pages"}],"about":[{"href":"https:\/\/soict.hust.edu.vn\/innovation\/wp-json\/wp\/v2\/types\/page"}],"author":[{"embeddable":true,"href":"https:\/\/soict.hust.edu.vn\/innovation\/wp-json\/wp\/v2\/users\/2"}],"replies":[{"embeddable":true,"href":"https:\/\/soict.hust.edu.vn\/innovation\/wp-json\/wp\/v2\/comments?post=342"}],"version-history":[{"count":3,"href":"https:\/\/soict.hust.edu.vn\/innovation\/wp-json\/wp\/v2\/pages\/342\/revisions"}],"predecessor-version":[{"id":3833,"href":"https:\/\/soict.hust.edu.vn\/innovation\/wp-json\/wp\/v2\/pages\/342\/revisions\/3833"}],"up":[{"embeddable":true,"href":"https:\/\/soict.hust.edu.vn\/innovation\/wp-json\/wp\/v2\/pages\/154"}],"wp:attachment":[{"href":"https:\/\/soict.hust.edu.vn\/innovation\/wp-json\/wp\/v2\/media?parent=342"}],"curies":[{"name":"wp","href":"https:\/\/api.w.org\/{rel}","templated":true}]}}