{"id":154,"date":"2019-03-12T15:39:54","date_gmt":"2019-03-12T08:39:54","guid":{"rendered":"https:\/\/soict.hust.edu.vn\/innovation\/?page_id=154"},"modified":"2021-06-06T03:17:42","modified_gmt":"2021-06-05T20:17:42","slug":"partners","status":"publish","type":"page","link":"https:\/\/soict.hust.edu.vn\/innovation\/vi\/partners","title":{"rendered":"Partners"},"content":{"rendered":"\t<section class=\"section\" id=\"section_1474517994\">\n\t\t<div class=\"bg section-bg fill bg-fill  bg-loaded\" >\n\n\t\t\t\n\t\t\t\n\t\t\t\n\n\t\t<\/div>\n\n\t\t<div class=\"section-content relative\">\n\t\t\t\n<div class=\"row align-middle\"  id=\"row-1330760325\">\n\n\t<div id=\"col-1025958744\" class=\"col medium-6 small-12 large-6\"  >\n\t\t<div class=\"col-inner\"  >\n\t\t\t\n\t\t\t\n<div class=\"col-sm-8\">\n<div class=\"main-headline\">\n<h1>C\u00f9ng nhau \u0111i \u0111\u1ebfn th\u00e0nh c\u00f4ng<\/h1>\n<\/div>\n<div class=\"main-sub-headline\"><span style=\"color: #555555;\">Hi\u1ec7n t\u1ea1i m\u1ea1ng l\u01b0\u1edbi SOICT Consortium v\u1edbi nhi\u1ec1u ngu\u1ed3n l\u1ef1c t\u1ea1o n\u00ean m\u1ed9t h\u1ec7 sinh th\u00e1i m\u1edf v\u00e0 b\u1ec1n v\u1eefng trong l\u0129nh v\u1ef1c C\u00f4ng ngh\u1ec7 Th\u00f4ng tin v\u00e0 Truy\u1ec1n th\u00f4ng. Tr\u1edf th\u00e0nh th\u00e0nh vi\u00ean v\u00e0 \u0111\u1ed1i t\u00e1c c\u1ee7a SOICT Consortium s\u1ebd gi\u00fap cho m\u1edf r\u1ed9ng doanh nghi\u1ec7p sang k\u1ef7 nguy\u00ean m\u1edbi.<\/span><\/div>\n<\/div>\n<div class=\"col-sm-8 col-sm-offset-2\">\n<p>H\u1ec7 sinh th\u00e1i SOICT INNOVATION\u00a0 h\u1ed7 tr\u1ee3 doanh nghi\u1ec7p t\u1eeb ph\u00e1t tri\u1ec3n c\u00e1c \u00fd t\u01b0\u1edfng c\u00f4ng ngh\u1ec7, m\u1edf r\u1ed9ng domian kh\u00e1ch h\u00e0ng, ph\u00e1t huy t\u1ed1i \u0111a ti\u1ec1m n\u0103ng c\u1ee7a doanh nghi\u1ec7p trong m\u00f4i tr\u01b0\u1eddng chuy\u1ec3n \u0111\u1ed5i s\u1ed1 d\u01b0\u1edbi c\u00f9ng m\u1ed9t n\u1ec1n t\u1ea3ng c\u1ee7a n\u1ec1n kinh t\u1ebf tr\u00ed th\u1ee9c.<\/p>\n<\/div>\n\t\t<\/div>\n\t\t\t<\/div>\n\n\t\n\n\t<div id=\"col-1798328807\" class=\"col pb-0 medium-6 small-12 large-6\"  >\n\t\t<div class=\"col-inner\"  >\n\t\t\t\n\t\t\t\n\t<div class=\"img has-hover x md-x lg-x y md-y lg-y\" id=\"image_264832754\">\n\t\t\t\t\t\t\t\t<div class=\"img-inner dark\" >\n\t\t\t<img width=\"560\" height=\"436\" src=\"https:\/\/soict.hust.edu.vn\/innovation\/wp-content\/uploads\/2019\/03\/magento-developers.jpg\" class=\"attachment-large size-large\" alt=\"\" loading=\"lazy\" srcset=\"https:\/\/soict.hust.edu.vn\/innovation\/wp-content\/uploads\/2019\/03\/magento-developers.jpg 560w, https:\/\/soict.hust.edu.vn\/innovation\/wp-content\/uploads\/2019\/03\/magento-developers-300x234.jpg 300w\" sizes=\"(max-width: 560px) 100vw, 560px\" \/>\t\t\t\t\t\t\n\t\t\t\t\t<\/div>\n\t\t\t\t\t\t\t\t\n<style>\n#image_264832754 {\n  width: 100%;\n}\n<\/style>\n\t<\/div>\n\t\n\t\t<\/div>\n\t\t\t<\/div>\n\n\t\n<\/div>\n\t\t<\/div>\n\n\t\t\n<style>\n#section_1474517994 {\n  padding-top: 0px;\n  padding-bottom: 0px;\n}\n<\/style>\n\t<\/section>\n\t\n\t<section class=\"section dark\" id=\"section_621867739\">\n\t\t<div class=\"bg section-bg fill bg-fill  bg-loaded\" >\n\n\t\t\t\n\t\t\t\n\t\t\t\n\n\t\t<\/div>\n\n\t\t<div class=\"section-content relative\">\n\t\t\t\n<div class=\"row align-middle\"  id=\"row-127121655\">\n\n\t<div id=\"col-1177962320\" class=\"col pb-0 medium-7 small-12 large-7\"  >\n\t\t<div class=\"col-inner text-right\"  >\n\t\t\t\n\t\t\t\n\t\t<\/div>\n\t\t\t<\/div>\n\n\t\n\n\t<div id=\"col-304890914\" class=\"col pb-0 medium-4 small-12 large-4\"  >\n\t\t<div class=\"col-inner\"  >\n\t\t\t\n\t\t\t\n\t\t<\/div>\n\t\t\t<\/div>\n\n\t\n<\/div>\n\t\t<\/div>\n\n\t\t\n<style>\n#section_621867739 {\n  padding-top: 30px;\n  padding-bottom: 30px;\n  background-color: rgb(0, 34, 74);\n}\n<\/style>\n\t<\/section>\n\t\n\t<section class=\"section\" id=\"section_419520691\">\n\t\t<div class=\"bg section-bg fill bg-fill  bg-loaded\" >\n\n\t\t\t\n\t\t\t\n\t\t\t\n\n\t\t<\/div>\n\n\t\t<div class=\"section-content relative\">\n\t\t\t\n<div class=\"row\"  id=\"row-1103877357\">\n\n\t<div id=\"col-641187117\" class=\"col small-12 large-12\"  >\n\t\t<div class=\"col-inner text-center\"  >\n\t\t\t\n\t\t\t\n<h2 class=\"center\"><span style=\"font-size: 150%;\">Innovation Partner\u00a0<\/span><\/h2>\n<p>\u0110\u1ed1i t\u00e1c cung c\u1ea5p d\u1ecbch v\u1ee5 chuy\u1ec3n \u0111\u1ed5i s\u1ed1 v\u00e0 C\u00f4ng ngh\u1ec7 th\u00f4ng tin \u0111\u1ebfn c\u00e1c doanh nghi\u1ec7p h\u1ee3p t\u00e1c trong h\u1ec7 sinh th\u00e1i chuy\u1ec3n \u0111\u1ed5i s\u1ed1 theo c\u00e1c m\u00f4 h\u00ecnh B2C &amp; B2B\u00a0<\/p>\n\t\t<\/div>\n\t\t\t<\/div>\n\n\t\n\n\t<div id=\"col-880875145\" class=\"col medium-4 small-12 large-4\"  >\n\t\t<div class=\"col-inner\"  >\n\t\t\t\n\t\t\t\n<div class=\"main-headline\">\n<h3><strong>\u0110\u1ed1i t\u00e1c gi\u1ea3i ph\u00e1p<\/strong><\/h3>\n<\/div>\n<div class=\"small-head-body\">\n<p>SOICT Solution Partners l\u00e0 nh\u1eefng c\u00f4ng ty tin c\u1eady c\u00f3 kh\u1ea3 n\u0103ng h\u1ed7 tr\u1ee3 v\u1ec1 gi\u1ea3i ph\u00e1p v\u00e0 t\u01b0 v\u1ea5n cho c\u00e1c kh\u00e1ch h\u00e0ng v\u1ec1 gi\u1ea3i ph\u00e1p doanh nghi\u1ec7p v\u00e0 chuy\u1ec3n \u0111\u1ed5i s\u1ed1 tr\u00ean n\u1ec1n t\u1ea3ng kinh t\u1ebf tri th\u1ee9c.<\/p>\n<\/div>\n<a href=\"#\" target=\"_self\" class=\"button primary is-link lowercase\"  >\n    <span>T\u00ecm hi\u1ec3u \u0110\u1ed1i t\u00e1c Gi\u1ea3i ph\u00e1p<\/span>\n  <i class=\"icon-angle-right\" ><\/i><\/a>\n\n\t\t<\/div>\n\t\t\t<\/div>\n\n\t\n\n\t<div id=\"col-1924805228\" class=\"col medium-4 small-12 large-4\"  >\n\t\t<div class=\"col-inner\"  >\n\t\t\t\n\t\t\t\n<div class=\"main-headline\">\n<h3><strong>\u0110\u1ed1i t\u00e1c D\u1ecbch v\u1ee5<\/strong><\/h3>\n<\/div>\n<div class=\"small-head-body\">\n<p>M\u1ea1ng l\u01b0\u1edbi \u0111\u1ed1i t\u00e1c tin c\u1eady cung c\u1ea5p c\u00e1c d\u1ecbch v\u1ee5 h\u1ea1 t\u1ea7ng, ph\u1ea7n c\u1ee9ng, qu\u1ea3n tr\u1ecb t\u00e0i nguy\u00ean C\u00f4ng ngh\u1ec7 th\u00f4ng tin cho kh\u00e1ch h\u00e0ng d\u01b0\u1edbi n\u1ec1n t\u1ea3ng c\u1ee7a \u0111i\u1ec7n to\u00e1n \u0111\u00e1m m\u00e2y.<\/p>\n<\/div>\n<a href=\"#\" target=\"_self\" class=\"button primary is-link lowercase\"  >\n    <span>T\u00ecm hi\u1ec3u \u0110\u1ed1i t\u00e1c D\u1ecbch v\u1ee5<\/span>\n  <i class=\"icon-angle-right\" ><\/i><\/a>\n\n\t\t<\/div>\n\t\t\t<\/div>\n\n\t\n\n\t<div id=\"col-96422786\" class=\"col medium-4 small-12 large-4\"  >\n\t\t<div class=\"col-inner\"  >\n\t\t\t\n\t\t\t\n<div class=\"main-headline\">\n<h3><strong>\u0110\u1ed1i t\u00e1c Nh\u00e2n s\u1ef1<\/strong><\/h3>\n<\/div>\n<div class=\"small-head-body\">\n<p>\u0110\u1ed1i t\u00e1c nh\u00e2n s\u1ef1 l\u00e0 \u0111\u1ed1i t\u00e1c uy t\u00edn, c\u00f3 tr\u00e1ch nhi\u1ec7m x\u00e3 h\u1ed9i, cung c\u1ea5p ngu\u1ed3n l\u1ef1c ch\u1ea5t l\u01b0\u1ee3ng cao v\u00e0 c\u00f9ng ph\u1ed1i h\u1ee3p v\u1edbi SOICT trong \u0111\u00e0o t\u1ea1o n\u00e2ng cao ch\u1ea5t l\u01b0\u1ee3ng ngu\u1ed3n l\u1ef1c.<\/p>\n<\/div>\n<a href=\"#\" target=\"_self\" class=\"button primary is-link lowercase\"  >\n    <span>T\u00ecm hi\u1ec1u \u0110\u1ed1i t\u00e1c Nh\u00e2n s\u1ef1<\/span>\n  <i class=\"icon-angle-right\" ><\/i><\/a>\n\n\t\t<\/div>\n\t\t\t<\/div>\n\n\t\n<\/div>\n\t\t<\/div>\n\n\t\t\n<style>\n#section_419520691 {\n  padding-top: 50px;\n  padding-bottom: 50px;\n}\n<\/style>\n\t<\/section>\n\t\n\t<div id=\"gap-1974242268\" class=\"gap-element clearfix\" style=\"display:block; height:auto;\">\n\t\t\n<style>\n#gap-1974242268 {\n  padding-top: 30px;\n}\n<\/style>\n\t<\/div>\n\t\n\t<section class=\"section\" id=\"section_1406718319\">\n\t\t<div class=\"bg section-bg fill bg-fill  bg-loaded\" >\n\n\t\t\t\n\t\t\t\n\t\t\t\n\n\t\t<\/div>\n\n\t\t<div class=\"section-content relative\">\n\t\t\t\n<div class=\"row align-equal\"  id=\"row-1656296557\">\n\n\t<div id=\"col-490639933\" class=\"col partner-item medium-6 small-12 large-6\"  >\n\t\t<div class=\"col-inner\" style=\"background-color:rgb(255, 255, 255);\" >\n\t\t\t\n\t\t\t\n\t<div class=\"box has-hover   has-hover box-text-bottom\" >\n\n\t\t<div class=\"box-image\" >\n\t\t\t\t\t\t<div class=\"\" >\n\t\t\t\t<img width=\"560\" height=\"315\" src=\"https:\/\/soict.hust.edu.vn\/innovation\/wp-content\/uploads\/2019\/03\/choose-a-partner.jpg\" class=\"attachment- size-\" alt=\"\" loading=\"lazy\" srcset=\"https:\/\/soict.hust.edu.vn\/innovation\/wp-content\/uploads\/2019\/03\/choose-a-partner.jpg 560w, https:\/\/soict.hust.edu.vn\/innovation\/wp-content\/uploads\/2019\/03\/choose-a-partner-300x169.jpg 300w\" sizes=\"(max-width: 560px) 100vw, 560px\" \/>\t\t\t\t\t\t\t\t\t\t\t<\/div>\n\t\t\t\t\t<\/div>\n\n\t\t<div class=\"box-text text-center\" style=\"padding:20px 20px 20px 20px;\">\n\t\t\t<div class=\"box-text-inner\">\n\t\t\t\t\n\t<div id=\"text-3889572251\" class=\"text\">\n\t\t\n<div class=\"main-headline\">\n<h3><strong>L\u1ef1a ch\u1ecdn \u0111\u1ed1i t\u00e1c<\/strong><\/h3>\n<\/div>\n<div class=\"desc\">\n<p>Ph\u00e1t tri\u1ec3n v\u00e0 m\u1edf r\u1ed9ng doanh nghi\u1ec7p b\u1eb1ng c\u00e1ch h\u1ee3p t\u00e1c l\u00e0 b\u01b0\u1edbc \u0111i \u0111\u00fang \u0111\u1eafn. Ch\u1ecdn \u0111\u00fang \u0111\u1ed1i t\u00e1c s\u1ebd mang l\u1ea1i l\u1ee3i th\u1ebf c\u1ea1nh tranh cho m\u1ed7i doanh nghi\u1ec7p. SoICT Consortium cho b\u1ea1n c\u01a1 h\u1ed9i m\u1edbi v\u1edbi:<\/p>\n<ul>\n<li>Chuy\u00ean gia Kinh doanh v\u00e0 C\u00f4ng nghi\u1ec7p d\u1ecdc\u00a0<\/li>\n<li>Ch\u1ee9ng nh\u1eadn Ph\u00e2n ph\u1ed1i s\u1ea3n ph\u1ea9m<\/li>\n<li>Chuy\u00ean gia K\u1ef9 thu\u1eadt<\/li>\n<li>Ph\u00e2n ph\u1ed1i d\u1ef1 \u00e1n ch\u1ea5t l\u01b0\u1ee3ng<\/li>\n<li>Nh\u00e0 s\u1ea3n xu\u1ea5t ph\u1ea7n m\u1ec1m \u0111\u1ed9c l\u1eadp<\/li>\n<li>Kh\u1ea3 n\u0103ng bao ph\u1ee7 to\u00e0n c\u1ea7u<\/li>\n<\/ul>\n<\/div>\n\t\t\n<style>\n#text-3889572251 {\n  text-align: left;\n}\n<\/style>\n\t<\/div>\n\t\n\t\t\t<\/div>\n\t\t<\/div>\n\t<\/div>\n\t\n\t\t<\/div>\n\t\t\t<\/div>\n\n\t\n\n\t<div id=\"col-2138970632\" class=\"col partner-item medium-6 small-12 large-6\"  >\n\t\t<div class=\"col-inner\" style=\"background-color:rgb(255, 255, 255);\" >\n\t\t\t\n\t\t\t\n\t<div class=\"box has-hover   has-hover box-text-bottom\" >\n\n\t\t<div class=\"box-image\" >\n\t\t\t\t\t\t<div class=\"image-cover\" style=\"padding-top:56.25%;\">\n\t\t\t\t<img width=\"1000\" height=\"662\" src=\"https:\/\/soict.hust.edu.vn\/innovation\/wp-content\/uploads\/2019\/03\/CNTT1.JPG.jpg\" class=\"attachment- size-\" alt=\"\" loading=\"lazy\" srcset=\"https:\/\/soict.hust.edu.vn\/innovation\/wp-content\/uploads\/2019\/03\/CNTT1.JPG.jpg 1000w, https:\/\/soict.hust.edu.vn\/innovation\/wp-content\/uploads\/2019\/03\/CNTT1.JPG-300x199.jpg 300w, https:\/\/soict.hust.edu.vn\/innovation\/wp-content\/uploads\/2019\/03\/CNTT1.JPG-768x508.jpg 768w\" sizes=\"(max-width: 1000px) 100vw, 1000px\" \/>\t\t\t\t\t\t\t\t\t\t\t<\/div>\n\t\t\t\t\t<\/div>\n\n\t\t<div class=\"box-text text-center\" style=\"padding:20px 20px 20px 20px;\">\n\t\t\t<div class=\"box-text-inner\">\n\t\t\t\t\n\t<div id=\"text-275944139\" class=\"text\">\n\t\t\n<div class=\"main-headline\">\n<div class=\"main-headline\">\n<h3><strong>Tham gia h\u1ed9i vi\u00ean<\/strong><\/h3>\n<\/div>\n<div class=\"desc\">\n<p>Tham gia tr\u1edf th\u00e0nh \u0110\u1ed1i t\u00e1c c\u1ee7a SoICT s\u1ebd gi\u00fap doanh nghi\u1ec7p ti\u1ebfp c\u1eadn v\u1edbi c\u00e1c ngu\u1ed3n l\u1ef1c, c\u00f4ng c\u1ee5 c\u1ee7a c\u1ed9ng \u0111\u1ed3ng SOICT:<\/p>\n<ul>\n<li>Ngu\u1ed3n l\u1ef1c kinh doanh chuy\u00ean m\u00f4n<\/li>\n<li>H\u1ed7 tr\u1ee3 ph\u00e1t tri\u1ec3n doanh nghi\u1ec7p<\/li>\n<li>\u01afu \u0111\u00e3i c\u00e1c kh\u00f3a \u0111\u00e0o t\u1ea1o<\/li>\n<li>C\u01a1 h\u1ed9i ti\u1ebfp c\u1eadn th\u1ecb tr\u01b0\u1eddng<\/li>\n<\/ul>\n<\/div>\n<\/div>\n\t\t\n<style>\n#text-275944139 {\n  text-align: left;\n}\n<\/style>\n\t<\/div>\n\t\n<a href=\"\/partners\/become-a-partner\/\" target=\"_self\" class=\"button primary\"  >\n    <span>Xem th\u00eam<\/span>\n  <\/a>\n\n\t\t\t<\/div>\n\t\t<\/div>\n\t<\/div>\n\t\n\t\t<\/div>\n\t\t\t<\/div>\n\n\t\n<\/div>\n\t\t<\/div>\n\n\t\t\n<style>\n#section_1406718319 {\n  padding-top: 70px;\n  padding-bottom: 70px;\n  background-color: rgb(47, 43, 47);\n}\n<\/style>\n\t<\/section>\n\t\n\t<section class=\"section dark\" id=\"section_855072760\">\n\t\t<div class=\"bg section-bg fill bg-fill  bg-loaded\" >\n\n\t\t\t\n\t\t\t\n\t\t\t\n\n\t\t<\/div>\n\n\t\t<div class=\"section-content relative\">\n\t\t\t\n<div class=\"row align-middle\"  id=\"row-1041317899\">\n\n\t<div id=\"col-1418076425\" class=\"col pb-0 medium-7 small-12 large-7\"  >\n\t\t<div class=\"col-inner text-right\"  >\n\t\t\t\n\t\t\t\n\t\t<\/div>\n\t\t\t<\/div>\n\n\t\n\n\t<div id=\"col-1315042469\" class=\"col pb-0 medium-4 small-12 large-4\"  >\n\t\t<div class=\"col-inner\"  >\n\t\t\t\n\t\t\t\n\t\t<\/div>\n\t\t\t<\/div>\n\n\t\n<\/div>\n\t\t<\/div>\n\n\t\t\n<style>\n#section_855072760 {\n  padding-top: 30px;\n  padding-bottom: 30px;\n  background-color: rgb(0, 34, 74);\n}\n<\/style>\n\t<\/section>\n\t\n","protected":false},"excerpt":{"rendered":"","protected":false},"author":2,"featured_media":0,"parent":0,"menu_order":0,"comment_status":"closed","ping_status":"closed","template":"page-blank.php","meta":[],"yoast_head":"<!-- This site is optimized with the Yoast SEO plugin v16.4 - https:\/\/yoast.com\/wordpress\/plugins\/seo\/ -->\n<title>Partners - Innovation Center<\/title>\n<meta name=\"robots\" content=\"index, follow, max-snippet:-1, max-image-preview:large, max-video-preview:-1\" \/>\n<link rel=\"canonical\" href=\"https:\/\/soict.hust.edu.vn\/innovation\/vi\/partners\" \/>\n<meta property=\"og:locale\" content=\"en_US\" \/>\n<meta property=\"og:type\" content=\"article\" \/>\n<meta property=\"og:title\" content=\"Partners - Innovation Center\" \/>\n<meta property=\"og:url\" content=\"https:\/\/soict.hust.edu.vn\/innovation\/vi\/partners\" \/>\n<meta property=\"og:site_name\" content=\"Innovation Center\" \/>\n<meta property=\"article:modified_time\" content=\"2021-06-05T20:17:42+00:00\" \/>\n<meta name=\"twitter:card\" content=\"summary_large_image\" \/>\n<script type=\"application\/ld+json\" class=\"yoast-schema-graph\">{\"@context\":\"https:\/\/schema.org\",\"@graph\":[{\"@type\":\"WebSite\",\"@id\":\"https:\/\/soict.hust.edu.vn\/innovation\/#website\",\"url\":\"https:\/\/soict.hust.edu.vn\/innovation\/\",\"name\":\"Innovation Center\",\"description\":\"M\\u1ed9t trang web m\\u1edbi s\\u1eed d\\u1ee5ng WordPress\",\"potentialAction\":[{\"@type\":\"SearchAction\",\"target\":\"https:\/\/soict.hust.edu.vn\/innovation\/?s={search_term_string}\",\"query-input\":\"required name=search_term_string\"}],\"inLanguage\":\"en-US\"},{\"@type\":\"WebPage\",\"@id\":\"https:\/\/soict.hust.edu.vn\/innovation\/vi\/partners#webpage\",\"url\":\"https:\/\/soict.hust.edu.vn\/innovation\/vi\/partners\",\"name\":\"Partners - Innovation Center\",\"isPartOf\":{\"@id\":\"https:\/\/soict.hust.edu.vn\/innovation\/#website\"},\"datePublished\":\"2019-03-12T08:39:54+00:00\",\"dateModified\":\"2021-06-05T20:17:42+00:00\",\"breadcrumb\":{\"@id\":\"https:\/\/soict.hust.edu.vn\/innovation\/vi\/partners#breadcrumb\"},\"inLanguage\":\"en-US\",\"potentialAction\":[{\"@type\":\"ReadAction\",\"target\":[\"https:\/\/soict.hust.edu.vn\/innovation\/vi\/partners\"]}]},{\"@type\":\"BreadcrumbList\",\"@id\":\"https:\/\/soict.hust.edu.vn\/innovation\/vi\/partners#breadcrumb\",\"itemListElement\":[{\"@type\":\"ListItem\",\"position\":1,\"item\":{\"@type\":\"WebPage\",\"@id\":\"https:\/\/soict.hust.edu.vn\/innovation\/vi\/trang-chu\",\"url\":\"https:\/\/soict.hust.edu.vn\/innovation\/vi\/trang-chu\",\"name\":\"Trang ch\\u1ee7\"}},{\"@type\":\"ListItem\",\"position\":2,\"item\":{\"@id\":\"https:\/\/soict.hust.edu.vn\/innovation\/vi\/partners#webpage\"}}]},{\"@type\":\"Person\",\"@id\":\"https:\/\/soict.hust.edu.vn\/innovation\/#\/schema\/person\/c20e6614d557d43ead2d618a6346bb66\",\"name\":\"innovation_admin\",\"image\":{\"@type\":\"ImageObject\",\"@id\":\"https:\/\/soict.hust.edu.vn\/innovation\/#personlogo\",\"inLanguage\":\"en-US\",\"url\":\"https:\/\/secure.gravatar.com\/avatar\/c2c0f74242f7deea83690dbc297dd091?s=96&d=mm&r=g\",\"contentUrl\":\"https:\/\/secure.gravatar.com\/avatar\/c2c0f74242f7deea83690dbc297dd091?s=96&d=mm&r=g\",\"caption\":\"innovation_admin\"}}]}<\/script>\n<!-- \/ Yoast SEO plugin. -->","_links":{"self":[{"href":"https:\/\/soict.hust.edu.vn\/innovation\/wp-json\/wp\/v2\/pages\/154"}],"collection":[{"href":"https:\/\/soict.hust.edu.vn\/innovation\/wp-json\/wp\/v2\/pages"}],"about":[{"href":"https:\/\/soict.hust.edu.vn\/innovation\/wp-json\/wp\/v2\/types\/page"}],"author":[{"embeddable":true,"href":"https:\/\/soict.hust.edu.vn\/innovation\/wp-json\/wp\/v2\/users\/2"}],"replies":[{"embeddable":true,"href":"https:\/\/soict.hust.edu.vn\/innovation\/wp-json\/wp\/v2\/comments?post=154"}],"version-history":[{"count":10,"href":"https:\/\/soict.hust.edu.vn\/innovation\/wp-json\/wp\/v2\/pages\/154\/revisions"}],"predecessor-version":[{"id":3866,"href":"https:\/\/soict.hust.edu.vn\/innovation\/wp-json\/wp\/v2\/pages\/154\/revisions\/3866"}],"wp:attachment":[{"href":"https:\/\/soict.hust.edu.vn\/innovation\/wp-json\/wp\/v2\/media?parent=154"}],"curies":[{"name":"wp","href":"https:\/\/api.w.org\/{rel}","templated":true}]}}