{"id":1063,"date":"2019-08-04T12:08:54","date_gmt":"2019-08-04T05:08:54","guid":{"rendered":"https:\/\/soict.hust.edu.vn\/innovation\/?page_id=1063"},"modified":"2021-06-06T12:42:29","modified_gmt":"2021-06-06T05:42:29","slug":"hedspi%e3%82%b8%e3%83%a7%e3%83%96%e3%83%95%e3%82%a7%e3%82%a2%e3%81%ab%e3%81%a4%e3%81%84%e3%81%a6","status":"publish","type":"page","link":"https:\/\/soict.hust.edu.vn\/innovation\/vi\/hedspi%e3%82%b8%e3%83%a7%e3%83%96%e3%83%95%e3%82%a7%e3%82%a2%e3%81%ab%e3%81%a4%e3%81%84%e3%81%a6","title":{"rendered":"HEDSPI\u30b8\u30e7\u30d6\u30d5\u30a7\u30a2\u306b\u3064\u3044\u3066"},"content":{"rendered":"<div class=\"row\"  id=\"row-84340265\">\n\n\t<div id=\"col-675528167\" class=\"col small-12 large-12\"  >\n\t\t<div class=\"col-inner\"  >\n\t\t\t\n\t\t\t\n\t<div id=\"gap-254150275\" class=\"gap-element clearfix\" style=\"display:block; height:auto;\">\n\t\t\n<style>\n#gap-254150275 {\n  padding-top: 30px;\n}\n<\/style>\n\t<\/div>\n\t\n<p><strong>1. T\u1ed5ng quan<\/strong><\/p>\n<p><span class=\"VIiyi\" lang=\"vi\"><span class=\"JLqJ4b ChMk0b\" data-language-for-alternatives=\"vi\" data-language-to-translate-into=\"en\" data-phrase-index=\"0\">Ng\u00e0y h\u1ed9i vi\u1ec7c l\u00e0m HEDSPI \u0111\u01b0\u1ee3c t\u1ed5 ch\u1ee9c th\u01b0\u1eddng xuy\u00ean nh\u1eb1m t\u1ea1o c\u01a1 h\u1ed9i l\u00e0m vi\u1ec7c cho sinh vi\u00ean t\u1ea1i Nh\u1eadt B\u1ea3n.<\/span> <span class=\"JLqJ4b ChMk0b\" data-language-for-alternatives=\"vi\" data-language-to-translate-into=\"en\" data-phrase-index=\"1\">\u0110\u00e2y l\u00e0 ng\u00e0y h\u1ed9i vi\u1ec7c l\u00e0m ch\u00ednh th\u1ee9c c\u1ee7a nh\u00e0 tr\u01b0\u1eddng nh\u1eb1m m\u1ee5c \u0111\u00edch tuy\u1ec3n d\u1ee5ng sinh vi\u00ean HEDSPI.<\/span> <span class=\"JLqJ4b ChMk0b\" data-language-for-alternatives=\"vi\" data-language-to-translate-into=\"en\" data-phrase-index=\"2\">Nh\u00e0 tr\u01b0\u1eddng v\u00e0 Hi\u1ec7p h\u1ed9i s\u1ebd \u0111\u0103ng cai t\u1ed5 ch\u1ee9c v\u00e0 ph\u1ee5 tr\u00e1ch m\u1ecdi ho\u1ea1t \u0111\u1ed9ng.<\/span> <span class=\"JLqJ4b ChMk0b\" data-language-for-alternatives=\"vi\" data-language-to-translate-into=\"en\" data-phrase-index=\"3\">Trong tr\u01b0\u1eddng h\u1ee3p tuy\u1ec3n d\u1ee5ng th\u00e0nh c\u00f4ng, c\u00f4ng ty ph\u1ea3i chi tr\u1ea3 cho Hi\u1ec7p h\u1ed9i m\u1ed9t kho\u1ea3n chi ph\u00ed c\u1ed1 \u0111\u1ecbnh (ph\u00ed v\u00e0o c\u1eeda v\u00e0 ph\u00ed tuy\u1ec3n d\u1ee5ng cho m\u1ed7i ng\u01b0\u1eddi).<\/span>\u00a0<\/span><\/p>\n<p><strong>2. Th\u00e0nh t\u1ef1u<\/strong><\/p>\n<p><span class=\"VIiyi\" lang=\"vi\"><span class=\"JLqJ4b ChMk0b\" data-language-for-alternatives=\"vi\" data-language-to-translate-into=\"en\" data-phrase-index=\"0\">T\u00ednh \u0111\u1ebfn th\u1eddi \u0111i\u1ec3m hi\u1ec7n t\u1ea1i, \u0111\u00e3 c\u00f3 h\u01a1n 60 c\u00f4ng ty Nh\u1eadt B\u1ea3n tham gia h\u1ed9i ch\u1ee3 vi\u1ec7c l\u00e0m HEDSPI, g\u1ea7n 300 sinh vi\u00ean \u0111\u00e3 nh\u1eadn l\u1eddi m\u1eddi l\u00e0m vi\u1ec7c v\u00e0 m\u1ed9t s\u1ed1 \u0111\u00e3 l\u00e0m vi\u1ec7c t\u1ea1i Nh\u1eadt B\u1ea3n.<\/span><\/span><\/p>\n<p><strong>3. Li\u00ean h\u1ec7<\/strong><\/p>\n<p><span class=\"VIiyi\" lang=\"vi\"><span class=\"JLqJ4b ChMk0b\" data-language-for-alternatives=\"vi\" data-language-to-translate-into=\"en\" data-phrase-index=\"2\">N\u1ebfu mu\u1ed1n t\u00ecm hi\u1ec3u r\u00f5 h\u01a1n v\u1ec1 ng\u00e0y h\u1ed9i vi\u1ec7c l\u00e0m, vui l\u00f2ng li\u00ean h\u1ec7 v\u1edbi ch\u00fang t\u00f4i v\u00e0 g\u1eedi k\u00e8m th\u00f4ng tin y\u00eau c\u1ea7u b\u00ean d\u01b0\u1edbi:<\/span><\/span><\/p>\n<ul>\n<li><span class=\"VIiyi\" lang=\"vi\"><span class=\"JLqJ4b ChMk0b\" data-language-for-alternatives=\"vi\" data-language-to-translate-into=\"en\" data-phrase-index=\"4\">T\u00ean c\u00f4ng ty<\/span><\/span><\/li>\n<li><span class=\"VIiyi\" lang=\"vi\"><span class=\"JLqJ4b ChMk0b\" data-language-for-alternatives=\"vi\" data-language-to-translate-into=\"en\" data-phrase-index=\"4\">Email<\/span><\/span><\/li>\n<\/ul>\n<h3><strong>1. <\/strong><strong>\u6982\u8981<\/strong><\/h3>\n<p>\u3000\u5bfe\u8c61\u5b66\u751f\u306b\u5bfe\u3057\u3001\u65e5\u672c\u5c31\u696d\u306e\u6a5f\u4f1a\u5275\u51fa\u3092\u76ee\u7684\u3068\u3057\u305f\u5c31\u8077\u30d5\u30a7\u30a2\uff08\u4ee5\u4e0b\u3001HEDSPI\u30b8\u30e7\u30d6\u30d5\u30a7\u30a2\uff09\u3092\u5b9a\u671f\u7684\u306b\u958b\u50ac\u3057\u3066\u3044\u308b\u3002\u3053\u308c\u306f\u3001HEDSPI\u5bfe\u8c61\u5b66\u751f\u306e\u63a1\u7528\u3092\u76ee\u7684\u3068\u3057\u305f\u30b8\u30e7\u30d6\u30d5\u30a7\u30a2\u3068\u3057\u3066\u306f\u3001\u552f\u4e00\u306e\u5927\u5b66\u516c\u5f0f\u3067\u3042\u308a\u3001\u5927\u5b66\u304c\u4e3b\u50ac\u3057\u3001\u30b3\u30f3\u30bd\u30fc\u30b7\u30a2\u30e0\u304c\u904b\u55b6\u3092\u62c5\u5f53\u3059\u308b\u3002<\/p>\n<p>\u4f01\u696d\u304c\u30b8\u30e7\u30d6\u30d5\u30a7\u30a2\u3067\u5b66\u751f\u3092\u63a1\u7528\u3057\u305f\u5834\u5408\u3001\u30b3\u30f3\u30bd\u30fc\u30b7\u30a2\u30e0\u306b\u6240\u5b9a\u306e\u91d1\u984d(\u53c2\u52a0\u6599\u304a\u3088\u3073\u3001\u4e00\u4eba\u3042\u305f\u308a\u306e\u63a1\u7528\u6599)\u3092\u652f\u6255\u3046\u5fc5\u8981\u304c\u3042\u308b\u3002HEDSPI\u30b8\u30e7\u30d6\u30d5\u30a7\u30a2\u3078\u306e\u53c2\u52a0\u3092\u5e0c\u671b\u3059\u308b\u5834\u5408\u306f\u3001\u4e0b\u8a18\u30d5\u30a9\u30fc\u30e0\u3088\u308a\u554f\u3044\u5408\u308f\u305b\u3092\u3059\u308b\u3002<\/p>\n<h3><strong>2. \u5b9f\u7e3e<\/strong><\/h3>\n<p>HEDSPI\u30b8\u30e7\u30d6\u30d5\u30a7\u30a2\u306b\u306f\u3001\u4eca\u307e\u3067\u306b60\u793e\u4ee5\u4e0a\u306e\u65e5\u672c\u4f01\u696d\u304c\u53c2\u52a0\u3092\u3057\u3066\u304a\u308a\u3001300\u540d\u8fd1\u304f\u306e\u5b66\u751f\u304c\u5185\u5b9a\u3092\u53d6\u5f97\u3057\u3066\u3044\u308b\u3002\u307e\u305f\u3001\u3059\u3067\u306b\u65e5\u672c\u3067\u5c31\u696d\u3057\u3066\u3044\u308b\u5352\u696d\u751f\u3082\u6570\u591a\u304f\u3044\u308b\u3002<\/p>\n<p>\uff08\u30ed\u30b4\u4e00\u89a7\u3092\u63b2\u8f09\uff09<\/p>\n<h3><strong>3. \u30b8\u30e7\u30d6\u30d5\u30a7\u30a2\u554f\u3044\u5408\u308f\u305b<\/strong><\/h3>\n<p>\u30b8\u30e7\u30d6\u30d5\u30a7\u30a2\u306b\u95a2\u3059\u308b\u554f\u3044\u5408\u308f\u305b\u306f\u3053\u3061\u3089\u304b\u3089\u304a\u9858\u3044\u3057\u307e\u3059\u3002<\/p>\n<p>\u554f\u3044\u5408\u308f\u305b\u30d5\u30a9\u30fc\u30e0<\/p>\n<p>\u25cf\u00a0\u00a0\u00a0\u00a0 \u6240\u5c5e\u7d44\u7e54\u540d<\/p>\n<p>\u25cf\u00a0\u00a0\u00a0\u00a0 \u62c5\u5f53\u8005\u540d<\/p>\n<p>\u00a0<\/p>\n<p>\u00a0<\/p>\n\t\t<\/div>\n\t\t\t<\/div>\n\n\t\n<\/div>\n","protected":false},"excerpt":{"rendered":"","protected":false},"author":2,"featured_media":1064,"parent":0,"menu_order":0,"comment_status":"closed","ping_status":"closed","template":"page-blank.php","meta":[],"yoast_head":"<!-- This site is optimized with the Yoast SEO plugin v16.4 - https:\/\/yoast.com\/wordpress\/plugins\/seo\/ -->\n<title>HEDSPI\u30b8\u30e7\u30d6\u30d5\u30a7\u30a2\u306b\u3064\u3044\u3066 - Innovation Center<\/title>\n<meta name=\"robots\" content=\"index, follow, max-snippet:-1, max-image-preview:large, max-video-preview:-1\" \/>\n<link rel=\"canonical\" href=\"https:\/\/soict.hust.edu.vn\/innovation\/vi\/hedspi\u30b8\u30e7\u30d6\u30d5\u30a7\u30a2\u306b\u3064\u3044\u3066\" \/>\n<meta property=\"og:locale\" content=\"en_US\" \/>\n<meta property=\"og:type\" content=\"article\" \/>\n<meta property=\"og:title\" content=\"HEDSPI\u30b8\u30e7\u30d6\u30d5\u30a7\u30a2\u306b\u3064\u3044\u3066 - Innovation Center\" \/>\n<meta property=\"og:url\" content=\"https:\/\/soict.hust.edu.vn\/innovation\/vi\/hedspi\u30b8\u30e7\u30d6\u30d5\u30a7\u30a2\u306b\u3064\u3044\u3066\" \/>\n<meta property=\"og:site_name\" content=\"Innovation Center\" \/>\n<meta property=\"article:modified_time\" content=\"2021-06-06T05:42:29+00:00\" \/>\n<meta property=\"og:image\" content=\"https:\/\/soict.hust.edu.vn\/innovation\/wp-content\/uploads\/2019\/08\/pic2_4.jpg\" \/>\n\t<meta property=\"og:image:width\" content=\"454\" \/>\n\t<meta property=\"og:image:height\" content=\"255\" \/>\n<meta name=\"twitter:card\" content=\"summary_large_image\" \/>\n<script type=\"application\/ld+json\" class=\"yoast-schema-graph\">{\"@context\":\"https:\/\/schema.org\",\"@graph\":[{\"@type\":\"WebSite\",\"@id\":\"https:\/\/soict.hust.edu.vn\/innovation\/#website\",\"url\":\"https:\/\/soict.hust.edu.vn\/innovation\/\",\"name\":\"Innovation Center\",\"description\":\"M\\u1ed9t trang web m\\u1edbi s\\u1eed d\\u1ee5ng WordPress\",\"potentialAction\":[{\"@type\":\"SearchAction\",\"target\":\"https:\/\/soict.hust.edu.vn\/innovation\/?s={search_term_string}\",\"query-input\":\"required name=search_term_string\"}],\"inLanguage\":\"en-US\"},{\"@type\":\"ImageObject\",\"@id\":\"https:\/\/soict.hust.edu.vn\/innovation\/vi\/hedspi%e3%82%b8%e3%83%a7%e3%83%96%e3%83%95%e3%82%a7%e3%82%a2%e3%81%ab%e3%81%a4%e3%81%84%e3%81%a6#primaryimage\",\"inLanguage\":\"en-US\",\"url\":\"https:\/\/soict.hust.edu.vn\/innovation\/wp-content\/uploads\/2019\/08\/pic2_4.jpg\",\"contentUrl\":\"https:\/\/soict.hust.edu.vn\/innovation\/wp-content\/uploads\/2019\/08\/pic2_4.jpg\",\"width\":454,\"height\":255,\"caption\":\"\"},{\"@type\":\"WebPage\",\"@id\":\"https:\/\/soict.hust.edu.vn\/innovation\/vi\/hedspi%e3%82%b8%e3%83%a7%e3%83%96%e3%83%95%e3%82%a7%e3%82%a2%e3%81%ab%e3%81%a4%e3%81%84%e3%81%a6#webpage\",\"url\":\"https:\/\/soict.hust.edu.vn\/innovation\/vi\/hedspi%e3%82%b8%e3%83%a7%e3%83%96%e3%83%95%e3%82%a7%e3%82%a2%e3%81%ab%e3%81%a4%e3%81%84%e3%81%a6\",\"name\":\"HEDSPI\\u30b8\\u30e7\\u30d6\\u30d5\\u30a7\\u30a2\\u306b\\u3064\\u3044\\u3066 - Innovation Center\",\"isPartOf\":{\"@id\":\"https:\/\/soict.hust.edu.vn\/innovation\/#website\"},\"primaryImageOfPage\":{\"@id\":\"https:\/\/soict.hust.edu.vn\/innovation\/vi\/hedspi%e3%82%b8%e3%83%a7%e3%83%96%e3%83%95%e3%82%a7%e3%82%a2%e3%81%ab%e3%81%a4%e3%81%84%e3%81%a6#primaryimage\"},\"datePublished\":\"2019-08-04T05:08:54+00:00\",\"dateModified\":\"2021-06-06T05:42:29+00:00\",\"breadcrumb\":{\"@id\":\"https:\/\/soict.hust.edu.vn\/innovation\/vi\/hedspi%e3%82%b8%e3%83%a7%e3%83%96%e3%83%95%e3%82%a7%e3%82%a2%e3%81%ab%e3%81%a4%e3%81%84%e3%81%a6#breadcrumb\"},\"inLanguage\":\"en-US\",\"potentialAction\":[{\"@type\":\"ReadAction\",\"target\":[\"https:\/\/soict.hust.edu.vn\/innovation\/vi\/hedspi%e3%82%b8%e3%83%a7%e3%83%96%e3%83%95%e3%82%a7%e3%82%a2%e3%81%ab%e3%81%a4%e3%81%84%e3%81%a6\"]}]},{\"@type\":\"BreadcrumbList\",\"@id\":\"https:\/\/soict.hust.edu.vn\/innovation\/vi\/hedspi%e3%82%b8%e3%83%a7%e3%83%96%e3%83%95%e3%82%a7%e3%82%a2%e3%81%ab%e3%81%a4%e3%81%84%e3%81%a6#breadcrumb\",\"itemListElement\":[{\"@type\":\"ListItem\",\"position\":1,\"item\":{\"@type\":\"WebPage\",\"@id\":\"https:\/\/soict.hust.edu.vn\/innovation\/vi\/trang-chu\",\"url\":\"https:\/\/soict.hust.edu.vn\/innovation\/vi\/trang-chu\",\"name\":\"Trang ch\\u1ee7\"}},{\"@type\":\"ListItem\",\"position\":2,\"item\":{\"@id\":\"https:\/\/soict.hust.edu.vn\/innovation\/vi\/hedspi%e3%82%b8%e3%83%a7%e3%83%96%e3%83%95%e3%82%a7%e3%82%a2%e3%81%ab%e3%81%a4%e3%81%84%e3%81%a6#webpage\"}}]},{\"@type\":\"Person\",\"@id\":\"https:\/\/soict.hust.edu.vn\/innovation\/#\/schema\/person\/c20e6614d557d43ead2d618a6346bb66\",\"name\":\"innovation_admin\",\"image\":{\"@type\":\"ImageObject\",\"@id\":\"https:\/\/soict.hust.edu.vn\/innovation\/#personlogo\",\"inLanguage\":\"en-US\",\"url\":\"https:\/\/secure.gravatar.com\/avatar\/c2c0f74242f7deea83690dbc297dd091?s=96&d=mm&r=g\",\"contentUrl\":\"https:\/\/secure.gravatar.com\/avatar\/c2c0f74242f7deea83690dbc297dd091?s=96&d=mm&r=g\",\"caption\":\"innovation_admin\"}}]}<\/script>\n<!-- \/ Yoast SEO plugin. -->","_links":{"self":[{"href":"https:\/\/soict.hust.edu.vn\/innovation\/wp-json\/wp\/v2\/pages\/1063"}],"collection":[{"href":"https:\/\/soict.hust.edu.vn\/innovation\/wp-json\/wp\/v2\/pages"}],"about":[{"href":"https:\/\/soict.hust.edu.vn\/innovation\/wp-json\/wp\/v2\/types\/page"}],"author":[{"embeddable":true,"href":"https:\/\/soict.hust.edu.vn\/innovation\/wp-json\/wp\/v2\/users\/2"}],"replies":[{"embeddable":true,"href":"https:\/\/soict.hust.edu.vn\/innovation\/wp-json\/wp\/v2\/comments?post=1063"}],"version-history":[{"count":5,"href":"https:\/\/soict.hust.edu.vn\/innovation\/wp-json\/wp\/v2\/pages\/1063\/revisions"}],"predecessor-version":[{"id":3895,"href":"https:\/\/soict.hust.edu.vn\/innovation\/wp-json\/wp\/v2\/pages\/1063\/revisions\/3895"}],"wp:featuredmedia":[{"embeddable":true,"href":"https:\/\/soict.hust.edu.vn\/innovation\/wp-json\/wp\/v2\/media\/1064"}],"wp:attachment":[{"href":"https:\/\/soict.hust.edu.vn\/innovation\/wp-json\/wp\/v2\/media?parent=1063"}],"curies":[{"name":"wp","href":"https:\/\/api.w.org\/{rel}","templated":true}]}}