{"id":1060,"date":"2019-08-04T12:02:55","date_gmt":"2019-08-04T05:02:55","guid":{"rendered":"https:\/\/soict.hust.edu.vn\/innovation\/?page_id=1060"},"modified":"2021-06-06T12:28:43","modified_gmt":"2021-06-06T05:28:43","slug":"hedspi%e3%81%ab%e3%81%a4%e3%81%84%e3%81%a6%e3%80%80","status":"publish","type":"page","link":"https:\/\/soict.hust.edu.vn\/innovation\/vi\/hedspi%e3%81%ab%e3%81%a4%e3%81%84%e3%81%a6%e3%80%80","title":{"rendered":"HEDSPI\u306b\u3064\u3044\u3066\u3000"},"content":{"rendered":"\t<div id=\"gap-738730484\" class=\"gap-element clearfix\" style=\"display:block; height:auto;\">\n\t\t\n<style>\n#gap-738730484 {\n  padding-top: 30px;\n}\n<\/style>\n\t<\/div>\n\t\n<div class=\"row\"  id=\"row-971153512\">\n\n\t<div id=\"col-301471553\" class=\"col small-12 large-12\"  >\n\t\t<div class=\"col-inner\"  >\n\t\t\t\n\t\t\t\n<p><strong>1. T\u1ed5ng quan<\/strong><\/p>\n<p><span style=\"font-weight: 400;\">HEDSPI l\u00e0 <\/span><span style=\"font-weight: 400;\">t\u00ean vi\u1ebft t\u1eaft c\u1ee7a \u201cD\u1ef1 \u00e1n H\u1ed7 tr\u1ee3 Ph\u00e1t tri\u1ec3n Gi\u00e1o d\u1ee5c \u0110\u1ea1i h\u1ecdc v\u1ec1 CNTT\u201d. \u0110\u00e2y l\u00e0 m\u1ed9t ch\u01b0\u01a1ng tr\u00ecnh gi\u00e1o d\u1ee5c c\u00f4ng ngh\u1ec7 th\u00f4ng tin th\u1ef1c h\u00e0nh d\u1ef1a tr\u00ean c\u00e1c ti\u00eau chu\u1ea9n k\u1ef9 n\u0103ng CNTT c\u1ee7a Nh\u1eadt B\u1ea3n (ITSS). D\u1ef1 \u00e1n \u0111\u01b0\u1ee3c th\u00e0nh l\u1eadp v\u00e0 ho\u1ea1t \u0111\u1ed9ng t\u1ea1i tr\u01b0\u1eddng \u0110\u1ea1i h\u1ecdc B\u00e1ch Khoa H\u00e0 N\u1ed9i (HUST) &#8211; tr\u01b0\u1eddng \u0111\u1ea1i h\u1ecdc h\u00e0ng \u0111\u1ea7u Vi\u1ec7t Nam.\u00a0<\/span><\/p>\n<p><span style=\"font-weight: 400;\">Th\u00e1ng 6 n\u0103m 2004, Vi\u1ec7t Nam v\u00e0 Nh\u1eadt B\u1ea3n \u0111\u00e3 ra quy\u1ebft \u0111\u1ecbnh: Ch\u01b0\u01a1ng tr\u00ecnh \u0111\u00e0o t\u1ea1o k\u1ef9 s\u01b0 C\u00f4ng ngh\u1ec7 th\u00f4ng tin v\u00e0 m\u1ed9t s\u1ed1 kh\u00f3a h\u1ecdc kh\u00e1c s\u1ebd \u0111\u01b0\u1ee3c ti\u1ebfn h\u00e0nh d\u1ef1a tr\u00ean ti\u00eau chu\u1ea9n ITSS nh\u01b0 m\u1ed9t ph\u1ea7n c\u1ee7a \u201cS\u00e1ng ki\u1ebfn CNTT Ch\u00e2u \u00c1\u201d &#8211; M\u1ed9t chi\u1ebfn l\u01b0\u1ee3c C\u00f4ng ngh\u1ec7 Th\u00f4ng tin Qu\u1ed1c t\u1ebf c\u1ee7a Nh\u1eadt B\u1ea3n).<\/span><\/p>\n<p><span style=\"font-weight: 400;\">Tr\u00ean c\u01a1 s\u1edf \u0111\u00f3, <\/span><span style=\"font-weight: 400;\">C\u01a1 quan H\u1ee3p t\u00e1c Qu\u1ed1c t\u1ebf Nh\u1eadt B\u1ea3n (JICA) \u0111\u00e3 thi\u1ebft l\u1eadp Ban h\u1ed7 tr\u1ee3 \u0111\u1eb7c bi\u1ec7t cho \u201cD\u1ef1 \u00e1n H\u1ed7 tr\u1ee3 Gi\u00e1o d\u1ee5c \u0110\u1ea1i h\u1ecdc (L\u0129nh v\u1ef1c C\u00f4ng ngh\u1ec7 Th\u00f4ng tin)\u201d v\u00e0o th\u00e1ng 6 n\u0103m 2005.\u00a0<\/span><\/p>\n<p><span style=\"font-weight: 400;\">Trong n\u0103m ti\u1ebfp theo, d\u1ef1 \u00e1n HEDSPI \u0111\u01b0\u1ee3c kh\u1edfi \u0111\u1ed9ng v\u00e0o n\u0103m 2006 v\u00e0 \u0111\u00e3 \u0111\u01b0\u1ee3c th\u1ef1c hi\u1ec7n v\u1edbi c\u00e1c d\u1ef1 \u00e1n: \u201cD\u1ef1 \u00e1n ph\u00e1t tri\u1ec3n n\u0103ng l\u1ef1c gi\u00e1o d\u1ee5c HUST ITSS (2006-2012)\u201d v\u00e0 \u201cD\u1ef1 \u00e1n h\u1ed7 tr\u1ee3 gi\u00e1o d\u1ee5c \u0111\u1ea1i h\u1ecdc (2006-2014)\u201d &#8211; m\u1ed9t d\u1ef1 \u00e1n ODA c\u1ee7a JICA (bao g\u1ed3m ngu\u1ed3n h\u1ed7 tr\u1ee3 c\u1ee7a ch\u00ednh ph\u1ee7 Vi\u1ec7t Nam).\u00a0<\/span><\/p>\n<p><span style=\"font-weight: 400;\">K\u1ec3 t\u1eeb n\u0103m 2014, khi s\u1ef1 h\u1ed7 tr\u1ee3 ho\u1ea1t \u0111\u1ed9ng t\u1eeb JICA k\u1ebft th\u00fac, d\u1ef1 \u00e1n \u0111\u01b0\u1ee3c k\u1ebf th\u1eeba v\u00e0 h\u1ed7 tr\u1ee3 b\u1edfi Sun * Inc &#8211; m\u1ed9t c\u00f4ng ty t\u01b0 nh\u00e2n ti\u1ec1n th\u00e2n l\u00e0 T\u1eadp \u0111o\u00e0n Framgia. T\u1eeb th\u00e1ng 9 n\u0103m 2019, \u0111\u1ec3 m\u1edf r\u1ed9ng d\u1ef1 \u00e1n, m\u1ed9t li\u00ean danh bao g\u1ed3m m\u1ed9t s\u1ed1 c\u00f4ng ty IT Nh\u1eadt B\u1ea3n (m\u00f4 t\u1ea3 b\u00ean d\u01b0\u1edbi) \u0111\u01b0\u1ee3c thi\u1ebft l\u1eadp.\u00a0<\/span><\/p>\n<p><strong>2. M\u1ee5c \u0111\u00edch<\/strong><\/p>\n<p><span style=\"font-weight: 400;\">D\u1ef1 \u00e1n n\u00e0y nh\u1eb1m \u0111\u1ea1t \u0111\u01b0\u1ee3c hai m\u1ee5c ti\u00eau ch\u00ednh l\u00e0 \u0111\u00e0o t\u1ea1o ti\u1ebfng Nh\u1eadt v\u00e0 ki\u1ebfn th\u1ee9c CNTT th\u1ef1c t\u1ebf v\u00e0 ti\u00ean ti\u1ebfn, \u0111\u1ed3ng th\u1eddi \u0111\u00e0o t\u1ea1o ngu\u1ed3n nh\u00e2n l\u1ef1c \u0111\u00e1p \u1ee9ng nhu c\u1ea7u c\u1ee7a ng\u00e0nh c\u00f4ng nghi\u1ec7p t\u1ea1i Nh\u1eadt B\u1ea3n.<\/span><\/p>\n<ul>\n<li><span style=\"font-weight: 400;\">Ph\u00e1t tri\u1ec3n ng\u00e0nh CNTT Vi\u1ec7t Nam:<\/span><\/li>\n<\/ul>\n<p><span style=\"font-weight: 400;\">Vi\u1ec7c tri\u1ec3n khai ch\u01b0\u01a1ng tr\u00ecnh gi\u00e1o d\u1ee5c d\u1ef1a tr\u00ean ITSS t\u1ea1i HUST v\u00e0 vi\u1ec7c n\u00e2ng cao c\u00e1c ti\u00eau chu\u1ea9n gi\u00e1o d\u1ee5c trong l\u0129nh v\u1ef1c CNTT t\u1ea1i Vi\u1ec7t Nam g\u00f3p ph\u1ea7n \u0111\u00e0o t\u1ea1o ngu\u1ed3n nh\u00e2n l\u1ef1c xu\u1ea5t s\u1eafc h\u01b0\u1edbng t\u1edbi ph\u00e1t tri\u1ec3n kinh t\u1ebf trong n\u01b0\u1edbc.<\/span><\/p>\n<ul>\n<li><span style=\"font-weight: 400;\">Gi\u1ea3i quy\u1ebft t\u00ecnh tr\u1ea1ng thi\u1ebfu lao \u0111\u1ed9ng trong ng\u00e0nh CNTT Nh\u1eadt B\u1ea3n:<\/span><\/li>\n<\/ul>\n<p><span style=\"font-weight: 400;\">Ph\u00e1t tri\u1ec3n ngu\u1ed3n nh\u00e2n l\u1ef1c c\u00f3 c\u00e1c k\u1ef9 n\u0103ng t\u01b0\u01a1ng \u1ee9ng v\u1edbi \u201cITSS C\u1ea5p \u0111\u1ed9 3\u201d, v\u00e0 \u201cK\u1ef9 n\u0103ng ti\u1ebfng Nh\u1eadt h\u01a1n JLPT N3\u201d. \u0110\u00e2y s\u1ebd l\u00e0 c\u1ea7u n\u1ed1i gi\u1eefa Nh\u1eadt B\u1ea3n v\u00e0 Vi\u1ec7t Nam v\u00e0 \u0111\u00e1p \u1ee9ng nhu c\u1ea7u c\u1ee7a ng\u00e0nh c\u00f4ng nghi\u1ec7p Nh\u1eadt B\u1ea3n.<\/span><\/p>\n<p><strong>1. \u6982\u8981<\/strong><\/p>\n<p>HEDSPI\u3068\u306f\u300cHigher Education Development Support Project on ICT\u300d\u306e\u7565\u79f0\u3067\u3042\u308a\u3001\u65e5\u672c\u306eIT\u30b9\u30ad\u30eb\u6a19\u6e96\uff08\u4ee5\u4e0b\u3001\u300cITSS\u300d\uff09\u306b\u6e96\u62e0\u3057\u305f\u5b9f\u8df5\u7684\u306a\u60c5\u5831\u6280\u8853\u6559\u80b2\u30d7\u30ed\u30b0\u30e9\u30e0\u3092\u3001\u30d9\u30c8\u30ca\u30e0\u306e\u7406\u5de5\u7cfb\u5927\u5b66\u306e\u6700\u9ad8\u5cf0\u3067\u3042\u308b\u30cf\u30ce\u30a4\u5de5\u79d1\u5927\u5b66(Hanoi University of Science and Technology\u4ee5\u4e0b\u300cHUST\u300d)\u306b\u958b\u8a2d\u3057\u3001\u904b\u55b6\u3059\u308b\u30d7\u30ed\u30b8\u30a7\u30af\u30c8\u3067\u3042\u308b\u3002<\/p>\n<p>2004 \u5e74 6 \u6708\u306b\u30d9\u30c8\u30ca\u30e0\u3068\u65e5\u672c\u9593\u3067\u3001\u300c\u30a2\u30b8\u30a2 IT \u30a4\u30cb\u30b7\u30a2\u30c6\u30a3\u30d6\u300d\uff08\u65e5\u672c\u306e IT \u56fd\u969b\u6226\u7565\uff09\u306e\u4e00\u74b0\u3068\u3057\u3066 \u300cITSS \u306b\u5247\u3063\u305f IT\u6280\u8853\u8005\u6559\u80b2\u306a\u3069\u3092\u5b9f\u65bd\u3059\u308b\u300d\u3068\u3057\u305f\u5171\u540c\u58f0\u660e\u304c\u767a\u8868\u3055\u308c\u305f\u3002<\/p>\n<p>\u3053\u308c\u306b\u57fa\u3065\u304d\u3001\u65e5\u672c\u306e\u56fd\u969b\u5354\u529b\u6a5f\u69cb\uff08\u4ee5\u4e0b\u3001\u300cJICA\u300d\uff09\u306f 2005 \u5e74 6 \u6708\u3001\u300c\u300e\u9ad8\u7b49\u6559\u80b2\u652f\u63f4\u4e8b\u696d\uff08IT \u30bb\u30af\u30bf\u30fc\uff09\u300f\u306b\u4fc2\u308b\u6709\u511f\u8cc7\u91d1\u5354\u529b\u4fc3\u9032\u8abf\u67fb\u300d\u3092\u5b9f\u65bd\u3057\u305f\u3002<\/p>\n<p>\u7fcc\u5e742006\u5e74\u304b\u3089HEDSPI\u30d7\u30ed\u30b8\u30a7\u30af\u30c8\u306f\u958b\u59cb\u3055\u308c\u3001\u6280\u8853\u5354\u529b\u652f\u63f4\u4e8b\u696d\u3067\u3042\u308b\u300c\u30cf\u30ce\u30a4\u5de5\u79d1\u5927\u5b66 ITSS \u6559\u80b2\u80fd\u529b\u5f37\u5316\u30d7\u30ed\u30b8\u30a7\u30af\u30c8\uff082006\uff0d2012\uff09\u300d\u3068\u3001JICA\u306e\u5186\u501f\u6b3e\u4e8b\u696d\uff08\u30d9\u30c8\u30ca\u30e0\u653f\u5e9c\u304b\u3089\u306e\u5bfe\u5fdc\u8cc7\u91d1\u3092\u542b\u3080\uff09\u3067\u3042\u308b\u300c\u9ad8\u7b49\u6559\u80b2\u652f\u63f4\u30d7\u30ed\u30b8\u30a7\u30af\u30c8\uff082006\uff0d2014\uff09\u300d\u304b\u3089\u69cb\u6210\u3055\u308c\u5b9f\u65bd\u3055\u308c\u3066\u304d\u305f\u3002<\/p>\n<p>JICA\u306b\u3088\u308b\u904b\u55b6\u30b5\u30dd\u30fc\u30c8\u304c\u7d42\u4e86\u3057\u305f2014\u5e74\u4ee5\u964d\u306f\u3001\u6c11\u9593\u4f01\u696d\u3067\u3042\u308b\u682a\u5f0f\u4f1a\u793eSun Asterisk (\u65e7\u540d \u682a\u5f0f\u4f1a\u793eFramgia) \u306b\u7d99\u627f\u3055\u308c\u3001\u6570\u591a\u304f\u306e\u5b66\u751f\u3078\u6559\u80b2\u3001\u65e5\u672c\u5c31\u8077\u3092\u5b9f\u73fe\u3057\u3066\u304d\u305f\u30022019\u5e749\u6708\u304b\u3089\u306f\u3001\u5f53\u30d7\u30ed\u30b8\u30a7\u30af\u30c8\u3092\u3088\u308a\u4e00\u5c64\u62e1\u5927\u3059\u308b\u305f\u3081\u306b\u3001\u8907\u6570\u4f01\u696d\u306b\u3088\u3063\u3066\u69cb\u6210\u3055\u308c\u305f\u30b3\u30f3\u30bd\u30fc\u30b7\u30a2\u30e0\uff08\u5f8c\u8ff0\uff09\u304c\u8a2d\u7acb\u3055\u308c\u3001\u904b\u55b6\u30b5\u30dd\u30fc\u30c8\u304c\u7d99\u627f\u3055\u308c\u3066\u3044\u308b\u3002<\/p>\n<p><strong>2. \u76ee\u7684<\/strong><\/p>\n<p>\u672c\u30d7\u30ed\u30b8\u30a7\u30af\u30c8\u306f\u3001\u65e5\u672c\u8a9e\u304a\u3088\u3073\u5b9f\u8df5\u7684\u3067\u9ad8\u5ea6\u306aIT\u6559\u80b2\u3092\u5b9f\u65bd\u3057\u3001\u65e5\u672c\u56fd\u5185\u306b\u304a\u3051\u308b\u7523\u696d\u754c\u306e\u30cb\u30fc\u30ba\u306b\u5408\u3063\u305f\u4eba\u6750\u3092\u8f29\u51fa\u3059\u308b\u3053\u3068\u3067\u3001\u4ee5\u4e0b\u306e2\u70b9\u3092\u9054\u6210\u3059\u308b\u3053\u3068\u3092\u76ee\u7684\u3068\u3059\u308b\u3002<\/p>\n<ul>\n<li><strong>\u30d9\u30c8\u30ca\u30e0\u306eIT\u7523\u696d\u306e\u767a\u5c55<\/strong><\/li>\n<\/ul>\n<p>HUST\u306b\u304a\u3044\u3066ITSS\u306b\u6e96\u62e0\u3057\u305f\u30e2\u30c7\u30eb\u6559\u80b2\u30d7\u30ed\u30b0\u30e9\u30e0\u3092\u5b9f\u65bd\u3057\u3001\u30d9\u30c8\u30ca\u30e0\u306b\u304a\u3051\u308bIT\u5206\u91ce\u3067\u306e\u6559\u80b2\u6c34\u6e96\u3092\u5411\u4e0a\u3055\u305b\u308b\u3053\u3068\u306b\u3088\u308a\u3001\u56fd\u5185\u7523\u696d\u306e\u767a\u5c55\u306e\u305f\u3081\u306b\u512a\u79c0\u306a\u4eba\u6750\u306e\u80b2\u6210\u3092\u56f3\u308b\u3002<\/p>\n<ul>\n<li><strong>\u00a0\u65e5\u672c\u306b\u304a\u3051\u308bIT\u4eba\u6750\u4e0d\u8db3\u306e\u89e3\u6d88<\/strong><\/li>\n<\/ul>\n<p>\u30d9\u30c8\u30ca\u30e0\u3068\u65e5\u672c\u9593\u3092\u6a4b\u6e21\u3057\u3059\u308b\u3053\u3068\u304c\u3067\u304d\u308b\u300cITSS\u30ec\u30d9\u30eb3(\u696d\u52d9\u306b\u5fc5\u8981\u306a\u77e5\u8b58\u3092\u6301\u3061\u5408\u308f\u305b\u3001\u72ec\u529b\u3067\u696d\u52d9\u3092\u9032\u3081\u308b\u3053\u3068\u304c\u3067\u304d\u308b\u30ec\u30d9\u30eb)\u76f8\u5f53\u306eIT\u30b9\u30ad\u30eb\u300d\u3068\u300c\u65e5\u672c\u8a9e\u80fd\u529b\u8a66\u9a13N3\u4ee5\u4e0a\u306e\u65e5\u672c\u8a9e\u30b9\u30ad\u30eb\u300d\u3092\u6301\u3063\u305f\u4eba\u6750\u3092\u80b2\u6210\u3057\u3001\u65e5\u672c\u56fd\u5185\u306b\u304a\u3051\u308b\u7523\u696d\u754c\u306b\u8f29\u51fa\u3059\u308b\u3002<\/p>\n\t\t<\/div>\n\t\t\t<\/div>\n\n\t\n<\/div>\n","protected":false},"excerpt":{"rendered":"","protected":false},"author":2,"featured_media":1061,"parent":0,"menu_order":0,"comment_status":"closed","ping_status":"closed","template":"","meta":[],"yoast_head":"<!-- This site is optimized with the Yoast SEO plugin v16.4 - https:\/\/yoast.com\/wordpress\/plugins\/seo\/ -->\n<title>HEDSPI\u306b\u3064\u3044\u3066\u3000 - Innovation Center<\/title>\n<meta name=\"robots\" content=\"index, follow, max-snippet:-1, max-image-preview:large, max-video-preview:-1\" \/>\n<link rel=\"canonical\" href=\"https:\/\/soict.hust.edu.vn\/innovation\/vi\/hedspi\u306b\u3064\u3044\u3066\u3000\" \/>\n<meta property=\"og:locale\" content=\"en_US\" \/>\n<meta property=\"og:type\" content=\"article\" \/>\n<meta property=\"og:title\" content=\"HEDSPI\u306b\u3064\u3044\u3066\u3000 - Innovation Center\" \/>\n<meta property=\"og:url\" content=\"https:\/\/soict.hust.edu.vn\/innovation\/vi\/hedspi\u306b\u3064\u3044\u3066\u3000\" \/>\n<meta property=\"og:site_name\" content=\"Innovation Center\" \/>\n<meta property=\"article:modified_time\" content=\"2021-06-06T05:28:43+00:00\" \/>\n<meta property=\"og:image\" content=\"https:\/\/soict.hust.edu.vn\/innovation\/wp-content\/uploads\/2019\/08\/hedspi13.jpg\" \/>\n\t<meta property=\"og:image:width\" content=\"400\" \/>\n\t<meta property=\"og:image:height\" content=\"182\" \/>\n<meta name=\"twitter:card\" content=\"summary_large_image\" \/>\n<meta name=\"twitter:label1\" content=\"Est. reading time\" \/>\n\t<meta name=\"twitter:data1\" content=\"2 minutes\" \/>\n<script type=\"application\/ld+json\" class=\"yoast-schema-graph\">{\"@context\":\"https:\/\/schema.org\",\"@graph\":[{\"@type\":\"WebSite\",\"@id\":\"https:\/\/soict.hust.edu.vn\/innovation\/#website\",\"url\":\"https:\/\/soict.hust.edu.vn\/innovation\/\",\"name\":\"Innovation Center\",\"description\":\"M\\u1ed9t trang web m\\u1edbi s\\u1eed d\\u1ee5ng WordPress\",\"potentialAction\":[{\"@type\":\"SearchAction\",\"target\":\"https:\/\/soict.hust.edu.vn\/innovation\/?s={search_term_string}\",\"query-input\":\"required name=search_term_string\"}],\"inLanguage\":\"en-US\"},{\"@type\":\"ImageObject\",\"@id\":\"https:\/\/soict.hust.edu.vn\/innovation\/vi\/hedspi%e3%81%ab%e3%81%a4%e3%81%84%e3%81%a6%e3%80%80#primaryimage\",\"inLanguage\":\"en-US\",\"url\":\"https:\/\/soict.hust.edu.vn\/innovation\/wp-content\/uploads\/2019\/08\/hedspi13.jpg\",\"contentUrl\":\"https:\/\/soict.hust.edu.vn\/innovation\/wp-content\/uploads\/2019\/08\/hedspi13.jpg\",\"width\":400,\"height\":182,\"caption\":\"\"},{\"@type\":\"WebPage\",\"@id\":\"https:\/\/soict.hust.edu.vn\/innovation\/vi\/hedspi%e3%81%ab%e3%81%a4%e3%81%84%e3%81%a6%e3%80%80#webpage\",\"url\":\"https:\/\/soict.hust.edu.vn\/innovation\/vi\/hedspi%e3%81%ab%e3%81%a4%e3%81%84%e3%81%a6%e3%80%80\",\"name\":\"HEDSPI\\u306b\\u3064\\u3044\\u3066\\u3000 - Innovation Center\",\"isPartOf\":{\"@id\":\"https:\/\/soict.hust.edu.vn\/innovation\/#website\"},\"primaryImageOfPage\":{\"@id\":\"https:\/\/soict.hust.edu.vn\/innovation\/vi\/hedspi%e3%81%ab%e3%81%a4%e3%81%84%e3%81%a6%e3%80%80#primaryimage\"},\"datePublished\":\"2019-08-04T05:02:55+00:00\",\"dateModified\":\"2021-06-06T05:28:43+00:00\",\"breadcrumb\":{\"@id\":\"https:\/\/soict.hust.edu.vn\/innovation\/vi\/hedspi%e3%81%ab%e3%81%a4%e3%81%84%e3%81%a6%e3%80%80#breadcrumb\"},\"inLanguage\":\"en-US\",\"potentialAction\":[{\"@type\":\"ReadAction\",\"target\":[\"https:\/\/soict.hust.edu.vn\/innovation\/vi\/hedspi%e3%81%ab%e3%81%a4%e3%81%84%e3%81%a6%e3%80%80\"]}]},{\"@type\":\"BreadcrumbList\",\"@id\":\"https:\/\/soict.hust.edu.vn\/innovation\/vi\/hedspi%e3%81%ab%e3%81%a4%e3%81%84%e3%81%a6%e3%80%80#breadcrumb\",\"itemListElement\":[{\"@type\":\"ListItem\",\"position\":1,\"item\":{\"@type\":\"WebPage\",\"@id\":\"https:\/\/soict.hust.edu.vn\/innovation\/vi\/trang-chu\",\"url\":\"https:\/\/soict.hust.edu.vn\/innovation\/vi\/trang-chu\",\"name\":\"Trang ch\\u1ee7\"}},{\"@type\":\"ListItem\",\"position\":2,\"item\":{\"@id\":\"https:\/\/soict.hust.edu.vn\/innovation\/vi\/hedspi%e3%81%ab%e3%81%a4%e3%81%84%e3%81%a6%e3%80%80#webpage\"}}]},{\"@type\":\"Person\",\"@id\":\"https:\/\/soict.hust.edu.vn\/innovation\/#\/schema\/person\/c20e6614d557d43ead2d618a6346bb66\",\"name\":\"innovation_admin\",\"image\":{\"@type\":\"ImageObject\",\"@id\":\"https:\/\/soict.hust.edu.vn\/innovation\/#personlogo\",\"inLanguage\":\"en-US\",\"url\":\"https:\/\/secure.gravatar.com\/avatar\/c2c0f74242f7deea83690dbc297dd091?s=96&d=mm&r=g\",\"contentUrl\":\"https:\/\/secure.gravatar.com\/avatar\/c2c0f74242f7deea83690dbc297dd091?s=96&d=mm&r=g\",\"caption\":\"innovation_admin\"}}]}<\/script>\n<!-- \/ Yoast SEO plugin. -->","_links":{"self":[{"href":"https:\/\/soict.hust.edu.vn\/innovation\/wp-json\/wp\/v2\/pages\/1060"}],"collection":[{"href":"https:\/\/soict.hust.edu.vn\/innovation\/wp-json\/wp\/v2\/pages"}],"about":[{"href":"https:\/\/soict.hust.edu.vn\/innovation\/wp-json\/wp\/v2\/types\/page"}],"author":[{"embeddable":true,"href":"https:\/\/soict.hust.edu.vn\/innovation\/wp-json\/wp\/v2\/users\/2"}],"replies":[{"embeddable":true,"href":"https:\/\/soict.hust.edu.vn\/innovation\/wp-json\/wp\/v2\/comments?post=1060"}],"version-history":[{"count":4,"href":"https:\/\/soict.hust.edu.vn\/innovation\/wp-json\/wp\/v2\/pages\/1060\/revisions"}],"predecessor-version":[{"id":3892,"href":"https:\/\/soict.hust.edu.vn\/innovation\/wp-json\/wp\/v2\/pages\/1060\/revisions\/3892"}],"wp:featuredmedia":[{"embeddable":true,"href":"https:\/\/soict.hust.edu.vn\/innovation\/wp-json\/wp\/v2\/media\/1061"}],"wp:attachment":[{"href":"https:\/\/soict.hust.edu.vn\/innovation\/wp-json\/wp\/v2\/media?parent=1060"}],"curies":[{"name":"wp","href":"https:\/\/api.w.org\/{rel}","templated":true}]}}