{"id":71,"date":"2024-06-17T14:23:24","date_gmt":"2024-06-17T14:23:24","guid":{"rendered":"https:\/\/soict.hust.edu.vn\/graduation-day\/?page_id=71"},"modified":"2026-01-14T17:21:08","modified_gmt":"2026-01-14T17:21:08","slug":"home","status":"publish","type":"page","link":"https:\/\/soict.hust.edu.vn\/graduation-day\/","title":{"rendered":"Home"},"content":{"rendered":"\n\n\n\t<section class=\"section\" id=\"section_1228635268\">\n\t\t<div class=\"bg section-bg fill bg-fill  bg-loaded\" >\n\n\t\t\t\n\t\t\t\n\t\t\t\n\n\t\t<\/div>\n\n\t\t\n\n\t\t<div class=\"section-content relative\">\n\t\t\t\n\n\t<div id=\"gap-164469354\" class=\"gap-element clearfix\" style=\"display:block; height:auto;\">\n\t\t\n<style>\n#gap-164469354 {\n  padding-top: 30px;\n}\n<\/style>\n\t<\/div>\n\t\n\n<div class=\"row\"  id=\"row-1117702856\">\n\n\n\t<div id=\"col-894135432\" class=\"col medium-8 small-12 large-8\"  >\n\t\t\t\t<div class=\"col-inner\"  >\n\t\t\t\n\t\t\t\n\n<div class=\"container section-title-container\" ><h2 class=\"section-title section-title-normal\"><b><\/b><span class=\"section-title-main\" >SOICT GRADUATION DAY 2026<\/span><b><\/b><\/h2><\/div>\n\n\t<div id=\"text-2685227388\" class=\"text text-justify\">\n\t\t\n\n<div id=\"lipsum\">\n<p data-start=\"140\" data-end=\"254\"><strong data-start=\"140\" data-end=\"254\">SoICT Graduation Day 2026 &#8211; Semester 2025.1 \u2013 L\u1ec5 b\u1ea3o v\u1ec7 \u0110\u1ed3 \u00e1n t\u1ed1t nghi\u1ec7p c\u1ee7a sinh vi\u00ean Tr\u01b0\u1eddng C\u00f4ng ngh\u1ec7 Th\u00f4ng tin v\u00e0 Truy\u1ec1n th\u00f4ng<\/strong><\/p>\n<p data-start=\"256\" data-end=\"627\">Trong h\u1ecdc k\u1ef3 2025.1 n\u0103m h\u1ecdc 2025-2026, Tr\u01b0\u1eddng C\u00f4ng ngh\u1ec7 Th\u00f4ng tin v\u00e0 Truy\u1ec1n th\u00f4ng \u2013 \u0110\u1ea1i h\u1ecdc B\u00e1ch Khoa H\u00e0 N\u1ed9i t\u1ed5 ch\u1ee9c L\u1ec5 B\u1ea3o v\u1ec7 \u0110\u1ed3 \u00e1n T\u1ed1t nghi\u1ec7p v\u1edbi nhi\u1ec1u \u0111\u1ec1 t\u00e0i \u0111a d\u1ea1ng, c\u00f3 chi\u1ec1u s\u00e2u chuy\u00ean m\u00f4n v\u00e0 gi\u00e1 tr\u1ecb th\u1ef1c ti\u1ec5n cao. C\u00e1c \u0111\u1ed3 \u00e1n l\u00e0 k\u1ebft qu\u1ea3 c\u1ee7a qu\u00e1 tr\u00ecnh h\u1ecdc t\u1eadp, nghi\u00ean c\u1ee9u nghi\u00eam t\u00fac, th\u1ec3 hi\u1ec7n t\u01b0 duy s\u00e1ng t\u1ea1o, n\u0103ng l\u1ef1c chuy\u00ean m\u00f4n v\u00e0 tinh th\u1ea7n tr\u00e1ch nhi\u1ec7m c\u1ee7a sinh vi\u00ean tr\u01b0\u1edbc ng\u01b0\u1ee1ng c\u1eeda t\u1ed1t nghi\u1ec7p.<\/p>\n<p data-start=\"629\" data-end=\"978\">L\u1ec5 b\u1ea3o v\u1ec7 \u0111\u1ed3 \u00e1n t\u1ed1t nghi\u1ec7p l\u00e0 c\u1ed9t m\u1ed1c quan tr\u1ecdng, kh\u00e9p l\u1ea1i h\u00e0nh tr\u00ecnh h\u1ecdc t\u1eadp t\u1ea1i nh\u00e0 tr\u01b0\u1eddng v\u00e0 m\u1edf ra giai \u0111o\u1ea1n ph\u00e1t tri\u1ec3n m\u1edbi c\u1ee7a m\u1ed7i sinh vi\u00ean. Th\u00f4ng qua ho\u1ea1t \u0111\u1ed9ng n\u00e0y, sinh vi\u00ean c\u00f3 c\u01a1 h\u1ed9i tr\u00ecnh b\u00e0y, b\u1ea3o v\u1ec7 k\u1ebft qu\u1ea3 nghi\u00ean c\u1ee9u tr\u01b0\u1edbc c\u00e1c h\u1ed9i \u0111\u1ed3ng chuy\u00ean m\u00f4n, \u0111\u1ed3ng th\u1eddi th\u1ec3 hi\u1ec7n s\u1ef1 t\u1ef1 tin, b\u1ea3n l\u0129nh v\u00e0 kh\u00e1t v\u1ecdng chinh ph\u1ee5c nh\u1eefng th\u1eed th\u00e1ch ph\u00eda tr\u01b0\u1edbc. S\u1ef1 \u0111\u1ed3ng h\u00e0nh c\u1ee7a c\u00e1c doanh nghi\u1ec7p \u0111\u1ed1i t\u00e1c ti\u1ebfp t\u1ee5c kh\u1eb3ng \u0111\u1ecbnh \u0111\u1ecbnh h\u01b0\u1edbng \u0111\u00e0o t\u1ea1o g\u1eafn k\u1ebft gi\u1eefa nh\u00e0 tr\u01b0\u1eddng v\u00e0 th\u1ef1c ti\u1ec5n, g\u00f3p ph\u1ea7n k\u1ebft n\u1ed1i sinh vi\u00ean v\u1edbi m\u00f4i tr\u01b0\u1eddng ngh\u1ec1 nghi\u1ec7p, \u0111\u1ed5i m\u1edbi s\u00e1ng t\u1ea1o v\u00e0 nhu c\u1ea7u c\u1ee7a th\u1ecb tr\u01b0\u1eddng lao \u0111\u1ed9ng.<\/p>\n<p data-start=\"1208\" data-end=\"1516\">\u0110\u01b0\u1ee3c t\u1ed5 ch\u1ee9c nghi\u00eam t\u00fac \u2013 chuy\u00ean nghi\u1ec7p \u2013 hi\u1ec7n \u0111\u1ea1i, L\u1ec5 B\u1ea3o v\u1ec7 \u0110\u1ed3 \u00e1n T\u1ed1t nghi\u1ec7p kh\u00f4ng ch\u1ec9 l\u00e0 ho\u1ea1t \u0111\u1ed9ng \u0111\u00e1nh gi\u00e1 k\u1ebft qu\u1ea3 h\u1ecdc t\u1eadp m\u00e0 c\u00f2n l\u00e0 kh\u00f4ng gian lan t\u1ecfa c\u1ea3m h\u1ee9ng, th\u00fac \u0111\u1ea9y tinh th\u1ea7n ch\u1ee7 \u0111\u1ed9ng, s\u00e1ng t\u1ea1o v\u00e0 h\u1ecdc t\u1eadp su\u1ed1t \u0111\u1eddi trong c\u1ed9ng \u0111\u1ed3ng sinh vi\u00ean Tr\u01b0\u1eddng C\u00f4ng ngh\u1ec7 Th\u00f4ng tin v\u00e0 Truy\u1ec1n th\u00f4ng.<\/p>\n<p>Trong h\u1ecdc k\u1ef3 2025.1 n\u00e0y, c\u00f3 361 sinh vi\u00ean c\u1ee7a Tr\u01b0\u1eddng CNTT&amp;TT s\u1ebd tham gia b\u1ea3o v\u1ec7 t\u1ed1t nghi\u1ec7p t\u1ea1i 33 h\u1ed9i \u0111\u1ed3ng trong 16 ph\u00e2n ban theo c\u00e1c l\u0129nh v\u1ef1c kh\u00e1c nhau, bao g\u1ed3m:<\/p>\n<ul>\n<li>1. Tr\u00ed tu\u1ec7 nh\u00e2n t\u1ea1o v\u00e0 Internet v\u1ea1n v\u1eadt (AIoT)<\/li>\n<li>2. An to\u00e0n kh\u00f4ng gian s\u1ed1 (Cyber Security)<\/li>\n<li>3. Blockchain v\u00e0 \u1ee9ng d\u1ee5ng (Blockchain and Applications)<\/li>\n<li>4. Chu\u1ed7i cung \u1ee9ng v\u00e0 Th\u01b0\u01a1ng m\u1ea1i \u0111i\u1ec7n t\u1eed (Logistic and eCommerce)<\/li>\n<li>5. C\u00f4ng ngh\u1ec7 v\u00e0 gi\u1ea3i ph\u00e1p chuy\u1ec3n \u0111\u1ed5i s\u1ed1 gi\u00e1o d\u1ee5c (Edtech)<\/li>\n<li>6. C\u00f4ng ngh\u1ec7 t\u00e0i ch\u00ednh (Fintech)<\/li>\n<li>7. H\u1ecdc m\u00e1y (Machine Learning)<\/li>\n<li>8. C\u00f4ng ngh\u1ec7 y t\u1ebf (Medtech)<\/li>\n<li>9. Multimedia v\u00e0 Game<\/li>\n<li>10. Ph\u1ea7n m\u1ec1m doanh nghi\u1ec7p (Enterprise Software)<\/li>\n<li>11. Ph\u00e2n t\u00edch d\u1eef li\u1ec7u l\u1edbn v\u00e0 \u1ee9ng d\u1ee5ng (Big data Analytics and Applications)<\/li>\n<li>12. Th\u1ecb gi\u00e1c m\u00e1y t\u00ednh (Computer Vision)<\/li>\n<li>13.\u00a0Tr\u00ed tu\u1ec7 nh\u00e2n t\u1ea1o \u1ee9ng d\u1ee5ng (Applied Artificial Intelligence)<\/li>\n<li>14. X\u1eed l\u00fd ng\u00f4n ng\u1eef t\u1ef1 nhi\u00ean (Natural Language Processing)<\/li>\n<li>15. H\u1ec7 nh\u00fang (Embedded System)<\/li>\n<li>16. Tr\u00ed tu\u1ec7 nh\u00e2n t\u1ea1o t\u1ea1o sinh (GenAI)<\/li>\n<\/ul>\n<\/div>\n\t\t\n<style>\n#text-2685227388 {\n  font-size: 1rem;\n}\n<\/style>\n\t<\/div>\n\t\n\t<div id=\"text-3178042448\" class=\"text text-justify\">\n\t\t\n\n<div class=\"gmail_default\">\n<div class=\"gmail_default\"><\/div>\n<\/div>\n\t\t\n<style>\n#text-3178042448 {\n  font-size: 1rem;\n}\n<\/style>\n\t<\/div>\n\t\n\n\t\t<\/div>\n\t\t\t\t\t<\/div>\n\n\t\n\n\t<div id=\"col-1880527096\" class=\"col pb-0 medium-4 small-12 large-4\"  >\n\t\t\t\t<div class=\"col-inner\"  >\n\t\t\t\n\t\t\t\n\n<div class=\"row sidebar\" style=\"max-width:400px\" id=\"row-1205645644\">\n\n\n\t<div id=\"col-1263685394\" class=\"col small-12 large-12\"  >\n\t\t\t\t<div class=\"col-inner box-shadow-2\"  >\n\t\t\t\n\t<div class=\"is-border\"\n\t\tstyle=\"border-color:rgb(121, 7, 6);border-width:5px 0px 0px 0;\">\n\t<\/div>\n\t\t\t\n\n<h2>C\u00e1c m\u1ed1c quan tr\u1ecdng<\/h2>\n<ul>\n<li>N\u1ed9p b\u00e1o c\u00e1o \u0111\u1ed3 \u00e1n:<br \/><strong>20\/01\/2026<\/strong><\/li>\n<li>Th\u1eddi gian ph\u1ea3n bi\u1ec7n:<br \/><strong>25\/01-01\/02\/2026<\/strong><\/li>\n<li>Th\u1eddi gian b\u1ea3o v\u1ec7:<br \/><strong>02-07\/02\/2026<\/strong><\/li>\n<\/ul>\n\n\n\t\t<\/div>\n\t\t\t\t\n<style>\n#col-1263685394 > .col-inner {\n  padding: 15px 15px 15px 15px;\n}\n<\/style>\n\t<\/div>\n\n\t\n\n\t<div id=\"col-275776664\" class=\"col small-12 large-12\"  >\n\t\t\t\t<div class=\"col-inner box-shadow-2\"  >\n\t\t\t\n\t<div class=\"is-border\"\n\t\tstyle=\"border-color:rgb(121, 7, 6);border-width:5px 0px 0px 0;\">\n\t<\/div>\n\t\t\t\n\n<p><strong>FOLLOW US<\/strong><\/p>\n<div class=\"social-icons follow-icons full-width text-left\" style=\"font-size:110%\"><a href=\"https:\/\/www.facebook.com\/SoictOfficially\" target=\"_blank\" data-label=\"Facebook\" class=\"icon primary button circle facebook tooltip\" title=\"Follow on Facebook\" aria-label=\"Follow on Facebook\" rel=\"noopener nofollow\" ><i class=\"icon-facebook\" ><\/i><\/a><a href=\"mailto:info@soict.hust.edu.vn\" data-label=\"E-mail\" target=\"_blank\" class=\"icon primary button circle email tooltip\" title=\"Send us an email\" aria-label=\"Send us an email\" rel=\"nofollow noopener\" ><i class=\"icon-envelop\" ><\/i><\/a><\/div>\n\n\n\t\t<\/div>\n\t\t\t\t\n<style>\n#col-275776664 > .col-inner {\n  padding: 15px 15px 15px 15px;\n}\n<\/style>\n\t<\/div>\n\n\t\n\n<\/div>\n\n\t\t<div class=\"hidden\">\n\t\t\t\t\n\n<a class=\"twitter-timeline\" href=\"https:\/\/twitter.com\/SOICTConf?ref_src=twsrc%5Etfw\">Tweets by SOICTConf<\/a> <script async=\"\" src=\"https:\/\/platform.twitter.com\/widgets.js\" charset=\"utf-8\"><\/script>\n\t\t<\/div>\n\t\n\n\t\t<\/div>\n\t\t\t\t\t<\/div>\n\n\t\n\n<\/div>\n\n\t\t<\/div>\n\n\t\t\n<style>\n#section_1228635268 {\n  padding-top: 2px;\n  padding-bottom: 2px;\n}\n<\/style>\n\t<\/section>\n\t\n\n\n\n","protected":false},"excerpt":{"rendered":"","protected":false},"author":1,"featured_media":0,"parent":0,"menu_order":0,"comment_status":"closed","ping_status":"closed","template":"","meta":{"footnotes":""},"class_list":["post-71","page","type-page","status-publish","hentry"],"yoast_head":"<!-- This site is optimized with the Yoast SEO plugin v25.3 - https:\/\/yoast.com\/wordpress\/plugins\/seo\/ -->\n<title>Home - SoICT Graduation Day<\/title>\n<meta name=\"robots\" content=\"index, follow, max-snippet:-1, max-image-preview:large, max-video-preview:-1\" \/>\n<link rel=\"canonical\" href=\"https:\/\/soict.hust.edu.vn\/graduation-day\/\" \/>\n<meta property=\"og:locale\" content=\"en_US\" \/>\n<meta property=\"og:type\" content=\"article\" \/>\n<meta property=\"og:title\" content=\"SOICT Graduation Day\" \/>\n<meta property=\"og:description\" content=\"SOICT Graduation Day\" \/>\n<meta property=\"og:url\" content=\"https:\/\/soict.hust.edu.vn\/graduation-day\/\" \/>\n<meta property=\"og:site_name\" content=\"SoICT Graduation Day\" \/>\n<meta property=\"article:modified_time\" content=\"2026-01-14T17:21:08+00:00\" \/>\n<meta property=\"og:image\" content=\"https:\/\/soict.hust.edu.vn\/graduation-day\/wp-content\/uploads\/2026\/01\/1922x1004.png\" \/>\n\t<meta property=\"og:image:width\" content=\"1922\" \/>\n\t<meta property=\"og:image:height\" content=\"1004\" \/>\n\t<meta property=\"og:image:type\" content=\"image\/png\" \/>\n<meta name=\"twitter:card\" content=\"summary_large_image\" \/>\n<meta name=\"twitter:label1\" content=\"Est. reading time\" \/>\n\t<meta name=\"twitter:data1\" content=\"4 minutes\" \/>\n<script type=\"application\/ld+json\" class=\"yoast-schema-graph\">{\"@context\":\"https:\/\/schema.org\",\"@graph\":[{\"@type\":\"WebPage\",\"@id\":\"https:\/\/soict.hust.edu.vn\/graduation-day\/\",\"url\":\"https:\/\/soict.hust.edu.vn\/graduation-day\/\",\"name\":\"Home - SoICT Graduation Day\",\"isPartOf\":{\"@id\":\"https:\/\/soict.hust.edu.vn\/graduation-day\/#website\"},\"datePublished\":\"2024-06-17T14:23:24+00:00\",\"dateModified\":\"2026-01-14T17:21:08+00:00\",\"breadcrumb\":{\"@id\":\"https:\/\/soict.hust.edu.vn\/graduation-day\/#breadcrumb\"},\"inLanguage\":\"en-US\",\"potentialAction\":[{\"@type\":\"ReadAction\",\"target\":[\"https:\/\/soict.hust.edu.vn\/graduation-day\/\"]}]},{\"@type\":\"BreadcrumbList\",\"@id\":\"https:\/\/soict.hust.edu.vn\/graduation-day\/#breadcrumb\",\"itemListElement\":[{\"@type\":\"ListItem\",\"position\":1,\"name\":\"Home\",\"item\":\"https:\/\/soict.hust.edu.vn\/graduation-day\/\"},{\"@type\":\"ListItem\",\"position\":2,\"name\":\"Home\"}]},{\"@type\":\"WebSite\",\"@id\":\"https:\/\/soict.hust.edu.vn\/graduation-day\/#website\",\"url\":\"https:\/\/soict.hust.edu.vn\/graduation-day\/\",\"name\":\"SoICT Graduation Day\",\"description\":\"\",\"publisher\":{\"@id\":\"https:\/\/soict.hust.edu.vn\/graduation-day\/#organization\"},\"potentialAction\":[{\"@type\":\"SearchAction\",\"target\":{\"@type\":\"EntryPoint\",\"urlTemplate\":\"https:\/\/soict.hust.edu.vn\/graduation-day\/?s={search_term_string}\"},\"query-input\":{\"@type\":\"PropertyValueSpecification\",\"valueRequired\":true,\"valueName\":\"search_term_string\"}}],\"inLanguage\":\"en-US\"},{\"@type\":\"Organization\",\"@id\":\"https:\/\/soict.hust.edu.vn\/graduation-day\/#organization\",\"name\":\"SoICT Graduation Day\",\"url\":\"https:\/\/soict.hust.edu.vn\/graduation-day\/\",\"logo\":{\"@type\":\"ImageObject\",\"inLanguage\":\"en-US\",\"@id\":\"https:\/\/soict.hust.edu.vn\/graduation-day\/#\/schema\/logo\/image\/\",\"url\":\"https:\/\/soict.hust.edu.vn\/graduation-day\/wp-content\/uploads\/2025\/06\/Thumbnail.png\",\"contentUrl\":\"https:\/\/soict.hust.edu.vn\/graduation-day\/wp-content\/uploads\/2025\/06\/Thumbnail.png\",\"width\":961,\"height\":502,\"caption\":\"SoICT Graduation Day\"},\"image\":{\"@id\":\"https:\/\/soict.hust.edu.vn\/graduation-day\/#\/schema\/logo\/image\/\"}}]}<\/script>\n<!-- \/ Yoast SEO plugin. -->","yoast_head_json":{"title":"Home - SoICT Graduation Day","robots":{"index":"index","follow":"follow","max-snippet":"max-snippet:-1","max-image-preview":"max-image-preview:large","max-video-preview":"max-video-preview:-1"},"canonical":"https:\/\/soict.hust.edu.vn\/graduation-day\/","og_locale":"en_US","og_type":"article","og_title":"SOICT Graduation Day","og_description":"SOICT Graduation Day","og_url":"https:\/\/soict.hust.edu.vn\/graduation-day\/","og_site_name":"SoICT Graduation Day","article_modified_time":"2026-01-14T17:21:08+00:00","og_image":[{"width":1922,"height":1004,"url":"https:\/\/soict.hust.edu.vn\/graduation-day\/wp-content\/uploads\/2026\/01\/1922x1004.png","type":"image\/png"}],"twitter_card":"summary_large_image","twitter_misc":{"Est. reading time":"4 minutes"},"schema":{"@context":"https:\/\/schema.org","@graph":[{"@type":"WebPage","@id":"https:\/\/soict.hust.edu.vn\/graduation-day\/","url":"https:\/\/soict.hust.edu.vn\/graduation-day\/","name":"Home - SoICT Graduation Day","isPartOf":{"@id":"https:\/\/soict.hust.edu.vn\/graduation-day\/#website"},"datePublished":"2024-06-17T14:23:24+00:00","dateModified":"2026-01-14T17:21:08+00:00","breadcrumb":{"@id":"https:\/\/soict.hust.edu.vn\/graduation-day\/#breadcrumb"},"inLanguage":"en-US","potentialAction":[{"@type":"ReadAction","target":["https:\/\/soict.hust.edu.vn\/graduation-day\/"]}]},{"@type":"BreadcrumbList","@id":"https:\/\/soict.hust.edu.vn\/graduation-day\/#breadcrumb","itemListElement":[{"@type":"ListItem","position":1,"name":"Home","item":"https:\/\/soict.hust.edu.vn\/graduation-day\/"},{"@type":"ListItem","position":2,"name":"Home"}]},{"@type":"WebSite","@id":"https:\/\/soict.hust.edu.vn\/graduation-day\/#website","url":"https:\/\/soict.hust.edu.vn\/graduation-day\/","name":"SoICT Graduation Day","description":"","publisher":{"@id":"https:\/\/soict.hust.edu.vn\/graduation-day\/#organization"},"potentialAction":[{"@type":"SearchAction","target":{"@type":"EntryPoint","urlTemplate":"https:\/\/soict.hust.edu.vn\/graduation-day\/?s={search_term_string}"},"query-input":{"@type":"PropertyValueSpecification","valueRequired":true,"valueName":"search_term_string"}}],"inLanguage":"en-US"},{"@type":"Organization","@id":"https:\/\/soict.hust.edu.vn\/graduation-day\/#organization","name":"SoICT Graduation Day","url":"https:\/\/soict.hust.edu.vn\/graduation-day\/","logo":{"@type":"ImageObject","inLanguage":"en-US","@id":"https:\/\/soict.hust.edu.vn\/graduation-day\/#\/schema\/logo\/image\/","url":"https:\/\/soict.hust.edu.vn\/graduation-day\/wp-content\/uploads\/2025\/06\/Thumbnail.png","contentUrl":"https:\/\/soict.hust.edu.vn\/graduation-day\/wp-content\/uploads\/2025\/06\/Thumbnail.png","width":961,"height":502,"caption":"SoICT Graduation Day"},"image":{"@id":"https:\/\/soict.hust.edu.vn\/graduation-day\/#\/schema\/logo\/image\/"}}]}},"_links":{"self":[{"href":"https:\/\/soict.hust.edu.vn\/graduation-day\/wp-json\/wp\/v2\/pages\/71","targetHints":{"allow":["GET"]}}],"collection":[{"href":"https:\/\/soict.hust.edu.vn\/graduation-day\/wp-json\/wp\/v2\/pages"}],"about":[{"href":"https:\/\/soict.hust.edu.vn\/graduation-day\/wp-json\/wp\/v2\/types\/page"}],"author":[{"embeddable":true,"href":"https:\/\/soict.hust.edu.vn\/graduation-day\/wp-json\/wp\/v2\/users\/1"}],"replies":[{"embeddable":true,"href":"https:\/\/soict.hust.edu.vn\/graduation-day\/wp-json\/wp\/v2\/comments?post=71"}],"version-history":[{"count":32,"href":"https:\/\/soict.hust.edu.vn\/graduation-day\/wp-json\/wp\/v2\/pages\/71\/revisions"}],"predecessor-version":[{"id":489,"href":"https:\/\/soict.hust.edu.vn\/graduation-day\/wp-json\/wp\/v2\/pages\/71\/revisions\/489"}],"wp:attachment":[{"href":"https:\/\/soict.hust.edu.vn\/graduation-day\/wp-json\/wp\/v2\/media?parent=71"}],"curies":[{"name":"wp","href":"https:\/\/api.w.org\/{rel}","templated":true}]}}