{"id":110,"date":"2024-06-20T08:07:26","date_gmt":"2024-06-20T08:07:26","guid":{"rendered":"https:\/\/soict.hust.edu.vn\/graduation-day\/?page_id=110"},"modified":"2024-06-21T09:20:26","modified_gmt":"2024-06-21T09:20:26","slug":"lien-he","status":"publish","type":"page","link":"https:\/\/soict.hust.edu.vn\/graduation-day\/lien-he\/","title":{"rendered":"Li\u00ean h\u1ec7"},"content":{"rendered":"\n<p><strong>Tr\u01b0\u1eddng C\u00f4ng ngh\u1ec7 Th\u00f4ng tin v\u00e0 Truy\u1ec1n th\u00f4ng<\/strong><\/p>\n<ul>\n<li>Trung t\u00e2m \u0110\u1ed5i m\u1edbi s\u00e1ng t\u1ea1o:\n<ul>\n<li>Email: info@soict.hust.edu.vn\u00a0<\/li>\n<li>Address: 407 t\u00f2a nh\u00e0 B1, \u0110\u1ea1i h\u1ecdc B\u00e1ch Khoa H\u00e0 N\u1ed9i<\/li>\n<\/ul>\n<\/li>\n<li>V\u0103n ph\u00f2ng Tr\u01b0\u1eddng:\n<ul>\n<li>Email: vp@soict.hust.edu.vn<\/li>\n<li>Address: 505 t\u00f2a nh\u00e0 B1, \u0110\u1ea1i h\u1ecdc B\u00e1ch Khoa H\u00e0 N\u1ed9i<\/li>\n<\/ul>\n<\/li>\n<\/ul>\n\n","protected":false},"excerpt":{"rendered":"","protected":false},"author":1,"featured_media":0,"parent":0,"menu_order":0,"comment_status":"closed","ping_status":"closed","template":"","meta":{"footnotes":""},"class_list":["post-110","page","type-page","status-publish","hentry"],"yoast_head":"<!-- This site is optimized with the Yoast SEO plugin v25.3 - https:\/\/yoast.com\/wordpress\/plugins\/seo\/ -->\n<title>Li\u00ean h\u1ec7 - SoICT Graduation Day<\/title>\n<meta name=\"robots\" content=\"index, follow, max-snippet:-1, max-image-preview:large, max-video-preview:-1\" \/>\n<link rel=\"canonical\" href=\"https:\/\/soict.hust.edu.vn\/graduation-day\/lien-he\/\" \/>\n<meta property=\"og:locale\" content=\"en_US\" \/>\n<meta property=\"og:type\" content=\"article\" \/>\n<meta property=\"og:title\" content=\"Li\u00ean h\u1ec7 - SoICT Graduation Day\" \/>\n<meta property=\"og:url\" content=\"https:\/\/soict.hust.edu.vn\/graduation-day\/lien-he\/\" \/>\n<meta property=\"og:site_name\" content=\"SoICT Graduation Day\" \/>\n<meta property=\"article:modified_time\" content=\"2024-06-21T09:20:26+00:00\" \/>\n<meta property=\"og:image\" content=\"https:\/\/soict.hust.edu.vn\/graduation-day\/wp-content\/uploads\/2026\/01\/1922x1004.png\" \/>\n\t<meta property=\"og:image:width\" content=\"1922\" \/>\n\t<meta property=\"og:image:height\" content=\"1004\" \/>\n\t<meta property=\"og:image:type\" content=\"image\/png\" \/>\n<meta name=\"twitter:card\" content=\"summary_large_image\" \/>\n<script type=\"application\/ld+json\" class=\"yoast-schema-graph\">{\"@context\":\"https:\/\/schema.org\",\"@graph\":[{\"@type\":\"WebPage\",\"@id\":\"https:\/\/soict.hust.edu.vn\/graduation-day\/lien-he\/\",\"url\":\"https:\/\/soict.hust.edu.vn\/graduation-day\/lien-he\/\",\"name\":\"Li\u00ean h\u1ec7 - SoICT Graduation Day\",\"isPartOf\":{\"@id\":\"https:\/\/soict.hust.edu.vn\/graduation-day\/#website\"},\"datePublished\":\"2024-06-20T08:07:26+00:00\",\"dateModified\":\"2024-06-21T09:20:26+00:00\",\"breadcrumb\":{\"@id\":\"https:\/\/soict.hust.edu.vn\/graduation-day\/lien-he\/#breadcrumb\"},\"inLanguage\":\"en-US\",\"potentialAction\":[{\"@type\":\"ReadAction\",\"target\":[\"https:\/\/soict.hust.edu.vn\/graduation-day\/lien-he\/\"]}]},{\"@type\":\"BreadcrumbList\",\"@id\":\"https:\/\/soict.hust.edu.vn\/graduation-day\/lien-he\/#breadcrumb\",\"itemListElement\":[{\"@type\":\"ListItem\",\"position\":1,\"name\":\"Home\",\"item\":\"https:\/\/soict.hust.edu.vn\/graduation-day\/\"},{\"@type\":\"ListItem\",\"position\":2,\"name\":\"Li\u00ean h\u1ec7\"}]},{\"@type\":\"WebSite\",\"@id\":\"https:\/\/soict.hust.edu.vn\/graduation-day\/#website\",\"url\":\"https:\/\/soict.hust.edu.vn\/graduation-day\/\",\"name\":\"SoICT Graduation Day\",\"description\":\"\",\"publisher\":{\"@id\":\"https:\/\/soict.hust.edu.vn\/graduation-day\/#organization\"},\"potentialAction\":[{\"@type\":\"SearchAction\",\"target\":{\"@type\":\"EntryPoint\",\"urlTemplate\":\"https:\/\/soict.hust.edu.vn\/graduation-day\/?s={search_term_string}\"},\"query-input\":{\"@type\":\"PropertyValueSpecification\",\"valueRequired\":true,\"valueName\":\"search_term_string\"}}],\"inLanguage\":\"en-US\"},{\"@type\":\"Organization\",\"@id\":\"https:\/\/soict.hust.edu.vn\/graduation-day\/#organization\",\"name\":\"SoICT Graduation Day\",\"url\":\"https:\/\/soict.hust.edu.vn\/graduation-day\/\",\"logo\":{\"@type\":\"ImageObject\",\"inLanguage\":\"en-US\",\"@id\":\"https:\/\/soict.hust.edu.vn\/graduation-day\/#\/schema\/logo\/image\/\",\"url\":\"https:\/\/soict.hust.edu.vn\/graduation-day\/wp-content\/uploads\/2025\/06\/Thumbnail.png\",\"contentUrl\":\"https:\/\/soict.hust.edu.vn\/graduation-day\/wp-content\/uploads\/2025\/06\/Thumbnail.png\",\"width\":961,\"height\":502,\"caption\":\"SoICT Graduation Day\"},\"image\":{\"@id\":\"https:\/\/soict.hust.edu.vn\/graduation-day\/#\/schema\/logo\/image\/\"}}]}<\/script>\n<!-- \/ Yoast SEO plugin. -->","yoast_head_json":{"title":"Li\u00ean h\u1ec7 - SoICT Graduation Day","robots":{"index":"index","follow":"follow","max-snippet":"max-snippet:-1","max-image-preview":"max-image-preview:large","max-video-preview":"max-video-preview:-1"},"canonical":"https:\/\/soict.hust.edu.vn\/graduation-day\/lien-he\/","og_locale":"en_US","og_type":"article","og_title":"Li\u00ean h\u1ec7 - SoICT Graduation Day","og_url":"https:\/\/soict.hust.edu.vn\/graduation-day\/lien-he\/","og_site_name":"SoICT Graduation Day","article_modified_time":"2024-06-21T09:20:26+00:00","og_image":[{"width":1922,"height":1004,"url":"https:\/\/soict.hust.edu.vn\/graduation-day\/wp-content\/uploads\/2026\/01\/1922x1004.png","type":"image\/png"}],"twitter_card":"summary_large_image","schema":{"@context":"https:\/\/schema.org","@graph":[{"@type":"WebPage","@id":"https:\/\/soict.hust.edu.vn\/graduation-day\/lien-he\/","url":"https:\/\/soict.hust.edu.vn\/graduation-day\/lien-he\/","name":"Li\u00ean h\u1ec7 - SoICT Graduation Day","isPartOf":{"@id":"https:\/\/soict.hust.edu.vn\/graduation-day\/#website"},"datePublished":"2024-06-20T08:07:26+00:00","dateModified":"2024-06-21T09:20:26+00:00","breadcrumb":{"@id":"https:\/\/soict.hust.edu.vn\/graduation-day\/lien-he\/#breadcrumb"},"inLanguage":"en-US","potentialAction":[{"@type":"ReadAction","target":["https:\/\/soict.hust.edu.vn\/graduation-day\/lien-he\/"]}]},{"@type":"BreadcrumbList","@id":"https:\/\/soict.hust.edu.vn\/graduation-day\/lien-he\/#breadcrumb","itemListElement":[{"@type":"ListItem","position":1,"name":"Home","item":"https:\/\/soict.hust.edu.vn\/graduation-day\/"},{"@type":"ListItem","position":2,"name":"Li\u00ean h\u1ec7"}]},{"@type":"WebSite","@id":"https:\/\/soict.hust.edu.vn\/graduation-day\/#website","url":"https:\/\/soict.hust.edu.vn\/graduation-day\/","name":"SoICT Graduation Day","description":"","publisher":{"@id":"https:\/\/soict.hust.edu.vn\/graduation-day\/#organization"},"potentialAction":[{"@type":"SearchAction","target":{"@type":"EntryPoint","urlTemplate":"https:\/\/soict.hust.edu.vn\/graduation-day\/?s={search_term_string}"},"query-input":{"@type":"PropertyValueSpecification","valueRequired":true,"valueName":"search_term_string"}}],"inLanguage":"en-US"},{"@type":"Organization","@id":"https:\/\/soict.hust.edu.vn\/graduation-day\/#organization","name":"SoICT Graduation Day","url":"https:\/\/soict.hust.edu.vn\/graduation-day\/","logo":{"@type":"ImageObject","inLanguage":"en-US","@id":"https:\/\/soict.hust.edu.vn\/graduation-day\/#\/schema\/logo\/image\/","url":"https:\/\/soict.hust.edu.vn\/graduation-day\/wp-content\/uploads\/2025\/06\/Thumbnail.png","contentUrl":"https:\/\/soict.hust.edu.vn\/graduation-day\/wp-content\/uploads\/2025\/06\/Thumbnail.png","width":961,"height":502,"caption":"SoICT Graduation Day"},"image":{"@id":"https:\/\/soict.hust.edu.vn\/graduation-day\/#\/schema\/logo\/image\/"}}]}},"_links":{"self":[{"href":"https:\/\/soict.hust.edu.vn\/graduation-day\/wp-json\/wp\/v2\/pages\/110","targetHints":{"allow":["GET"]}}],"collection":[{"href":"https:\/\/soict.hust.edu.vn\/graduation-day\/wp-json\/wp\/v2\/pages"}],"about":[{"href":"https:\/\/soict.hust.edu.vn\/graduation-day\/wp-json\/wp\/v2\/types\/page"}],"author":[{"embeddable":true,"href":"https:\/\/soict.hust.edu.vn\/graduation-day\/wp-json\/wp\/v2\/users\/1"}],"replies":[{"embeddable":true,"href":"https:\/\/soict.hust.edu.vn\/graduation-day\/wp-json\/wp\/v2\/comments?post=110"}],"version-history":[{"count":5,"href":"https:\/\/soict.hust.edu.vn\/graduation-day\/wp-json\/wp\/v2\/pages\/110\/revisions"}],"predecessor-version":[{"id":143,"href":"https:\/\/soict.hust.edu.vn\/graduation-day\/wp-json\/wp\/v2\/pages\/110\/revisions\/143"}],"wp:attachment":[{"href":"https:\/\/soict.hust.edu.vn\/graduation-day\/wp-json\/wp\/v2\/media?parent=110"}],"curies":[{"name":"wp","href":"https:\/\/api.w.org\/{rel}","templated":true}]}}