{"id":103,"date":"2024-06-20T08:01:54","date_gmt":"2024-06-20T08:01:54","guid":{"rendered":"https:\/\/soict.hust.edu.vn\/graduation-day\/?page_id=103"},"modified":"2026-01-13T14:33:08","modified_gmt":"2026-01-13T14:33:08","slug":"chuong-trinh","status":"publish","type":"page","link":"https:\/\/soict.hust.edu.vn\/graduation-day\/chuong-trinh\/","title":{"rendered":"Ch\u01b0\u01a1ng tr\u00ecnh"},"content":{"rendered":"\n\n\n\t<section class=\"section\" id=\"section_1419571804\">\n\t\t<div class=\"bg section-bg fill bg-fill  bg-loaded\" >\n\n\t\t\t\n\t\t\t\n\t\t\t\n\n\t\t<\/div>\n\n\t\t\n\n\t\t<div class=\"section-content relative\">\n\t\t\t\n\n<div class=\"row\"  id=\"row-1115226377\">\n\n\n\t<div id=\"col-795943962\" class=\"col medium-8 small-12 large-8\"  >\n\t\t\t\t<div class=\"col-inner\"  >\n\t\t\t\n\t\t\t\n\n<div class=\"container section-title-container\" ><h2 class=\"section-title section-title-normal\"><b><\/b><span class=\"section-title-main\" >Ch\u01b0\u01a1ng tr\u00ecnh<\/span><b><\/b><\/h2><\/div>\n\n\t<div id=\"text-2078907100\" class=\"text text-justify\">\n\t\t\n\n<div id=\"lipsum\">\n<p>L\u1ecbch c\u00e1c h\u1ed9i \u0111\u1ed3ng b\u1ea3o v\u1ec7 \u0111\u1ed3 \u00e1n t\u1ed1t nghi\u1ec7p:<\/p>\n<\/div>\n\t\t\n<style>\n#text-2078907100 {\n  font-size: 1rem;\n}\n<\/style>\n\t<\/div>\n\t\n\t<div class=\"img has-hover x md-x lg-x y md-y lg-y\" id=\"image_990701086\">\n\t\t\t\t\t\t\t\t<div class=\"img-inner dark\" >\n\t\t\t<img loading=\"lazy\" decoding=\"async\" width=\"1020\" height=\"615\" src=\"https:\/\/soict.hust.edu.vn\/graduation-day\/wp-content\/uploads\/2026\/01\/6e1d43cf1a50950ecc41-1024x617.jpg\" class=\"attachment-large size-large\" alt=\"\" srcset=\"https:\/\/soict.hust.edu.vn\/graduation-day\/wp-content\/uploads\/2026\/01\/6e1d43cf1a50950ecc41-1024x617.jpg 1024w, https:\/\/soict.hust.edu.vn\/graduation-day\/wp-content\/uploads\/2026\/01\/6e1d43cf1a50950ecc41-300x181.jpg 300w, https:\/\/soict.hust.edu.vn\/graduation-day\/wp-content\/uploads\/2026\/01\/6e1d43cf1a50950ecc41-768x462.jpg 768w, https:\/\/soict.hust.edu.vn\/graduation-day\/wp-content\/uploads\/2026\/01\/6e1d43cf1a50950ecc41.jpg 1332w\" sizes=\"auto, (max-width: 1020px) 100vw, 1020px\" \/>\t\t\t\t\t\t\n\t\t\t\t\t<\/div>\n\t\t\t\t\t\t\t\t\n<style>\n#image_990701086 {\n  width: 100%;\n}\n<\/style>\n\t<\/div>\n\t\n\n<p><strong>Th\u1eddi gian:<\/strong> S\u00e1ng t\u1eeb 7:30, Chi\u1ec1u: t\u1eeb 13:30, c\u00e1c ng\u00e0y t\u1eeb 02-04\/02\/2026<br \/><strong>\u0110\u1ecba \u0111i\u1ec3m:<\/strong> T\u00f2a nh\u00e0 B1 &#8211; \u0110\u1ea1i h\u1ecdc B\u00e1ch Khoa H\u00e0 N\u1ed9i<\/p>\n<p><strong>Danh s\u00e1ch c\u00e1c \u0111\u1ec1 t\u00e0i b\u1ea3o v\u1ec7 t\u1ea1i c\u00e1c h\u1ed9i \u0111\u1ed3ng:<\/strong><\/p>\n<p><strong><a href=\"https:\/\/husteduvn-my.sharepoint.com\/:x:\/g\/personal\/office_soict_hust_edu_vn\/IQCzaT4S22rKSaNMQl6PeDRJAYLPPsxltYneIz0rhSL9t1Q?e=RQHQI1\" target=\"_blank\" rel=\"noopener\">Xem danh s\u00e1ch \u0111\u1ec1 t\u00e0i<\/a><\/strong><\/p>\n<ol>\n<li><strong>AIoT:<\/strong> Tr\u00ed tu\u1ec7 nh\u00e2n t\u1ea1o v\u00e0 Internet v\u1ea1n v\u1eadt (1 h\u1ed9i \u0111\u1ed3ng)<\/li>\n<li><strong>ATKGS01-03: <\/strong>An to\u00e0n kh\u00f4ng gian s\u1ed1 (3 h\u1ed9i \u0111\u1ed3ng)<\/li>\n<li><strong>BIGDATA:<\/strong> Ph\u00e2n t\u00edch d\u1eef li\u1ec7u l\u1edbn v\u00e0 \u1ee9ng d\u1ee5ng (1 h\u1ed9i \u0111\u1ed3ng)<\/li>\n<li><strong>Blockchain:<\/strong> &#8211; Blockchain v\u00e0 \u1ee9ng d\u1ee5ng (1 h\u1ed9i \u0111\u1ed3ng)<\/li>\n<li><strong>Ecommerce01-04:<\/strong> Chu\u1ed7i cung \u1ee9ng v\u00e0 Th\u01b0\u01a1ng m\u1ea1i \u0111i\u1ec7n t\u1eed (4 h\u1ed9i \u0111\u1ed3ng)<\/li>\n<li><strong>EdTech01-03:<\/strong> C\u00f4ng ngh\u1ec7 v\u00e0 gi\u1ea3i ph\u00e1p chuy\u1ec3n \u0111\u1ed5i s\u1ed1 gi\u00e1o d\u1ee5c (3 h\u1ed9i \u0111\u1ed3ng)<\/li>\n<li><strong>Fintech:<\/strong> C\u00f4ng ngh\u1ec7 t\u00e0i ch\u00ednh (1 h\u1ed9i \u0111\u1ed3ng)<\/li>\n<li><strong>GENAI01-02:<\/strong> Tr\u00ed tu\u1ec7 nh\u00e2n t\u1ea1o t\u1ea1o sinh (2 h\u1ed9i \u0111\u1ed3ng)<\/li>\n<li><strong>Henhung:<\/strong> H\u1ec7 nh\u00fang (1 h\u1ed9i \u0111\u1ed3ng)<\/li>\n<li><strong>MedTech:<\/strong> C\u00f4ng ngh\u1ec7 y t\u1ebf (1 h\u1ed9i \u0111\u1ed3ng)<\/li>\n<li><strong>ML: <\/strong>H\u1ecdc m\u00e1y (1 h\u1ed9i \u0111\u1ed3ng)<\/li>\n<li><strong>Multimedia01-02:<\/strong> Multimedia v\u00e0 Game (2 h\u1ed9i \u0111\u1ed3ng)<\/li>\n<li><strong>NLP:<\/strong> X\u1eed l\u00fd ng\u00f4n ng\u1eef t\u1ef1 nhi\u00ean (1 h\u1ed9i \u0111\u1ed3ng)<\/li>\n<li><strong>PMDN01-06:<\/strong> Ph\u1ea7n m\u1ec1m doanh nghi\u1ec7p (6 h\u1ed9i \u0111\u1ed3ng)<\/li>\n<li><strong>TGMT01-02:<\/strong> Th\u1ecb gi\u00e1c m\u00e1y t\u00ednh (2 h\u1ed9i \u0111\u1ed3ng)<\/li>\n<li><strong>TTNT01-03:<\/strong> Tr\u00ed tu\u1ec7 nh\u00e2n t\u1ea1o \u1ee9ng d\u1ee5ng (3 h\u1ed9i \u0111\u1ed3ng)<\/li>\n<\/ol>\n<p>\u00a0<\/p>\n<p>\u00a0<\/p>\n<div class=\"is-divider divider clearfix\" style=\"background-color:rgb(255, 255, 255);\"><\/div>\n\n\t<div id=\"text-1190121237\" class=\"text text-justify\">\n\t\t\n\n<div class=\"gmail_default\">\n<div class=\"gmail_default\"><\/div>\n<\/div>\n\t\t\n<style>\n#text-1190121237 {\n  font-size: 1rem;\n}\n<\/style>\n\t<\/div>\n\t\n\n\t\t<\/div>\n\t\t\t\t\t<\/div>\n\n\t\n\n\t<div id=\"col-1525371762\" class=\"col pb-0 medium-4 small-12 large-4\"  >\n\t\t\t\t<div class=\"col-inner\"  >\n\t\t\t\n\t\t\t\n\n<div class=\"row sidebar\" style=\"max-width:400px\" id=\"row-1408644267\">\n\n\n\t<div id=\"col-476116657\" class=\"col small-12 large-12\"  >\n\t\t\t\t<div class=\"col-inner box-shadow-2\"  >\n\t\t\t\n\t<div class=\"is-border\"\n\t\tstyle=\"border-color:rgb(121, 7, 6);border-width:5px 0px 0px 0;\">\n\t<\/div>\n\t\t\t\n\n<h2>C\u00e1c m\u1ed1c quan tr\u1ecdng<\/h2>\n<ul>\n<li>N\u1ed9p b\u00e1o c\u00e1o \u0111\u1ed3 \u00e1n:<br \/><strong>20\/01\/2026<\/strong><\/li>\n<li>Th\u1eddi gian ph\u1ea3n bi\u1ec7n:<br \/><strong>25\/01-01\/02\/2026<\/strong><\/li>\n<li>Th\u1eddi gian b\u1ea3o v\u1ec7:<br \/><strong>02-07\/02\/2026<\/strong><\/li>\n<\/ul>\n\n\n\t\t<\/div>\n\t\t\t\t\n<style>\n#col-476116657 > .col-inner {\n  padding: 15px 15px 15px 15px;\n}\n<\/style>\n\t<\/div>\n\n\t\n\n\t<div id=\"col-1487340646\" class=\"col small-12 large-12\"  >\n\t\t\t\t<div class=\"col-inner box-shadow-2\"  >\n\t\t\t\n\t<div class=\"is-border\"\n\t\tstyle=\"border-color:rgb(121, 7, 6);border-width:5px 0px 0px 0;\">\n\t<\/div>\n\t\t\t\n\n<p><strong>FOLLOW US<\/strong><\/p>\n<div class=\"social-icons follow-icons full-width text-left\" style=\"font-size:110%\"><a href=\"https:\/\/www.facebook.com\/SoictOfficially\" target=\"_blank\" data-label=\"Facebook\" class=\"icon primary button circle facebook tooltip\" title=\"Follow on Facebook\" aria-label=\"Follow on Facebook\" rel=\"noopener nofollow\" ><i class=\"icon-facebook\" ><\/i><\/a><a href=\"mailto:info@soict.hust.edu.vn\" data-label=\"E-mail\" target=\"_blank\" class=\"icon primary button circle email tooltip\" title=\"Send us an email\" aria-label=\"Send us an email\" rel=\"nofollow noopener\" ><i class=\"icon-envelop\" ><\/i><\/a><\/div>\n\n\n\t\t<\/div>\n\t\t\t\t\n<style>\n#col-1487340646 > .col-inner {\n  padding: 15px 15px 15px 15px;\n}\n<\/style>\n\t<\/div>\n\n\t\n\n<\/div>\n\n\t\t<div class=\"hidden\">\n\t\t\t\t\n\n<a class=\"twitter-timeline\" href=\"https:\/\/twitter.com\/SOICTConf?ref_src=twsrc%5Etfw\">Tweets by SOICTConf<\/a> <script async=\"\" src=\"https:\/\/platform.twitter.com\/widgets.js\" charset=\"utf-8\"><\/script>\n\t\t<\/div>\n\t\n\n\t\t<\/div>\n\t\t\t\t\t<\/div>\n\n\t\n\n<\/div>\n\n\t\t<\/div>\n\n\t\t\n<style>\n#section_1419571804 {\n  padding-top: 50px;\n  padding-bottom: 50px;\n}\n<\/style>\n\t<\/section>\n\t\n\n\n\n","protected":false},"excerpt":{"rendered":"","protected":false},"author":1,"featured_media":0,"parent":0,"menu_order":0,"comment_status":"closed","ping_status":"closed","template":"","meta":{"footnotes":""},"class_list":["post-103","page","type-page","status-publish","hentry"],"yoast_head":"<!-- This site is optimized with the Yoast SEO plugin v25.3 - https:\/\/yoast.com\/wordpress\/plugins\/seo\/ -->\n<title>Ch\u01b0\u01a1ng tr\u00ecnh - SoICT Graduation Day<\/title>\n<meta name=\"robots\" content=\"index, follow, max-snippet:-1, max-image-preview:large, max-video-preview:-1\" \/>\n<link rel=\"canonical\" href=\"https:\/\/soict.hust.edu.vn\/graduation-day\/chuong-trinh\/\" \/>\n<meta property=\"og:locale\" content=\"en_US\" \/>\n<meta property=\"og:type\" content=\"article\" \/>\n<meta property=\"og:title\" content=\"Ch\u01b0\u01a1ng tr\u00ecnh - SoICT Graduation Day\" \/>\n<meta property=\"og:url\" content=\"https:\/\/soict.hust.edu.vn\/graduation-day\/chuong-trinh\/\" \/>\n<meta property=\"og:site_name\" content=\"SoICT Graduation Day\" \/>\n<meta property=\"article:modified_time\" content=\"2026-01-13T14:33:08+00:00\" \/>\n<meta property=\"og:image\" content=\"https:\/\/soict.hust.edu.vn\/graduation-day\/wp-content\/uploads\/2026\/01\/1922x1004.png\" \/>\n\t<meta property=\"og:image:width\" content=\"1922\" \/>\n\t<meta property=\"og:image:height\" content=\"1004\" \/>\n\t<meta property=\"og:image:type\" content=\"image\/png\" \/>\n<meta name=\"twitter:card\" content=\"summary_large_image\" \/>\n<meta name=\"twitter:label1\" content=\"Est. reading time\" \/>\n\t<meta name=\"twitter:data1\" content=\"3 minutes\" \/>\n<script type=\"application\/ld+json\" class=\"yoast-schema-graph\">{\"@context\":\"https:\/\/schema.org\",\"@graph\":[{\"@type\":\"WebPage\",\"@id\":\"https:\/\/soict.hust.edu.vn\/graduation-day\/chuong-trinh\/\",\"url\":\"https:\/\/soict.hust.edu.vn\/graduation-day\/chuong-trinh\/\",\"name\":\"Ch\u01b0\u01a1ng tr\u00ecnh - SoICT Graduation Day\",\"isPartOf\":{\"@id\":\"https:\/\/soict.hust.edu.vn\/graduation-day\/#website\"},\"datePublished\":\"2024-06-20T08:01:54+00:00\",\"dateModified\":\"2026-01-13T14:33:08+00:00\",\"breadcrumb\":{\"@id\":\"https:\/\/soict.hust.edu.vn\/graduation-day\/chuong-trinh\/#breadcrumb\"},\"inLanguage\":\"en-US\",\"potentialAction\":[{\"@type\":\"ReadAction\",\"target\":[\"https:\/\/soict.hust.edu.vn\/graduation-day\/chuong-trinh\/\"]}]},{\"@type\":\"BreadcrumbList\",\"@id\":\"https:\/\/soict.hust.edu.vn\/graduation-day\/chuong-trinh\/#breadcrumb\",\"itemListElement\":[{\"@type\":\"ListItem\",\"position\":1,\"name\":\"Home\",\"item\":\"https:\/\/soict.hust.edu.vn\/graduation-day\/\"},{\"@type\":\"ListItem\",\"position\":2,\"name\":\"Ch\u01b0\u01a1ng tr\u00ecnh\"}]},{\"@type\":\"WebSite\",\"@id\":\"https:\/\/soict.hust.edu.vn\/graduation-day\/#website\",\"url\":\"https:\/\/soict.hust.edu.vn\/graduation-day\/\",\"name\":\"SoICT Graduation Day\",\"description\":\"\",\"publisher\":{\"@id\":\"https:\/\/soict.hust.edu.vn\/graduation-day\/#organization\"},\"potentialAction\":[{\"@type\":\"SearchAction\",\"target\":{\"@type\":\"EntryPoint\",\"urlTemplate\":\"https:\/\/soict.hust.edu.vn\/graduation-day\/?s={search_term_string}\"},\"query-input\":{\"@type\":\"PropertyValueSpecification\",\"valueRequired\":true,\"valueName\":\"search_term_string\"}}],\"inLanguage\":\"en-US\"},{\"@type\":\"Organization\",\"@id\":\"https:\/\/soict.hust.edu.vn\/graduation-day\/#organization\",\"name\":\"SoICT Graduation Day\",\"url\":\"https:\/\/soict.hust.edu.vn\/graduation-day\/\",\"logo\":{\"@type\":\"ImageObject\",\"inLanguage\":\"en-US\",\"@id\":\"https:\/\/soict.hust.edu.vn\/graduation-day\/#\/schema\/logo\/image\/\",\"url\":\"https:\/\/soict.hust.edu.vn\/graduation-day\/wp-content\/uploads\/2025\/06\/Thumbnail.png\",\"contentUrl\":\"https:\/\/soict.hust.edu.vn\/graduation-day\/wp-content\/uploads\/2025\/06\/Thumbnail.png\",\"width\":961,\"height\":502,\"caption\":\"SoICT Graduation Day\"},\"image\":{\"@id\":\"https:\/\/soict.hust.edu.vn\/graduation-day\/#\/schema\/logo\/image\/\"}}]}<\/script>\n<!-- \/ Yoast SEO plugin. -->","yoast_head_json":{"title":"Ch\u01b0\u01a1ng tr\u00ecnh - SoICT Graduation Day","robots":{"index":"index","follow":"follow","max-snippet":"max-snippet:-1","max-image-preview":"max-image-preview:large","max-video-preview":"max-video-preview:-1"},"canonical":"https:\/\/soict.hust.edu.vn\/graduation-day\/chuong-trinh\/","og_locale":"en_US","og_type":"article","og_title":"Ch\u01b0\u01a1ng tr\u00ecnh - SoICT Graduation Day","og_url":"https:\/\/soict.hust.edu.vn\/graduation-day\/chuong-trinh\/","og_site_name":"SoICT Graduation Day","article_modified_time":"2026-01-13T14:33:08+00:00","og_image":[{"width":1922,"height":1004,"url":"https:\/\/soict.hust.edu.vn\/graduation-day\/wp-content\/uploads\/2026\/01\/1922x1004.png","type":"image\/png"}],"twitter_card":"summary_large_image","twitter_misc":{"Est. reading time":"3 minutes"},"schema":{"@context":"https:\/\/schema.org","@graph":[{"@type":"WebPage","@id":"https:\/\/soict.hust.edu.vn\/graduation-day\/chuong-trinh\/","url":"https:\/\/soict.hust.edu.vn\/graduation-day\/chuong-trinh\/","name":"Ch\u01b0\u01a1ng tr\u00ecnh - SoICT Graduation Day","isPartOf":{"@id":"https:\/\/soict.hust.edu.vn\/graduation-day\/#website"},"datePublished":"2024-06-20T08:01:54+00:00","dateModified":"2026-01-13T14:33:08+00:00","breadcrumb":{"@id":"https:\/\/soict.hust.edu.vn\/graduation-day\/chuong-trinh\/#breadcrumb"},"inLanguage":"en-US","potentialAction":[{"@type":"ReadAction","target":["https:\/\/soict.hust.edu.vn\/graduation-day\/chuong-trinh\/"]}]},{"@type":"BreadcrumbList","@id":"https:\/\/soict.hust.edu.vn\/graduation-day\/chuong-trinh\/#breadcrumb","itemListElement":[{"@type":"ListItem","position":1,"name":"Home","item":"https:\/\/soict.hust.edu.vn\/graduation-day\/"},{"@type":"ListItem","position":2,"name":"Ch\u01b0\u01a1ng tr\u00ecnh"}]},{"@type":"WebSite","@id":"https:\/\/soict.hust.edu.vn\/graduation-day\/#website","url":"https:\/\/soict.hust.edu.vn\/graduation-day\/","name":"SoICT Graduation Day","description":"","publisher":{"@id":"https:\/\/soict.hust.edu.vn\/graduation-day\/#organization"},"potentialAction":[{"@type":"SearchAction","target":{"@type":"EntryPoint","urlTemplate":"https:\/\/soict.hust.edu.vn\/graduation-day\/?s={search_term_string}"},"query-input":{"@type":"PropertyValueSpecification","valueRequired":true,"valueName":"search_term_string"}}],"inLanguage":"en-US"},{"@type":"Organization","@id":"https:\/\/soict.hust.edu.vn\/graduation-day\/#organization","name":"SoICT Graduation Day","url":"https:\/\/soict.hust.edu.vn\/graduation-day\/","logo":{"@type":"ImageObject","inLanguage":"en-US","@id":"https:\/\/soict.hust.edu.vn\/graduation-day\/#\/schema\/logo\/image\/","url":"https:\/\/soict.hust.edu.vn\/graduation-day\/wp-content\/uploads\/2025\/06\/Thumbnail.png","contentUrl":"https:\/\/soict.hust.edu.vn\/graduation-day\/wp-content\/uploads\/2025\/06\/Thumbnail.png","width":961,"height":502,"caption":"SoICT Graduation Day"},"image":{"@id":"https:\/\/soict.hust.edu.vn\/graduation-day\/#\/schema\/logo\/image\/"}}]}},"_links":{"self":[{"href":"https:\/\/soict.hust.edu.vn\/graduation-day\/wp-json\/wp\/v2\/pages\/103","targetHints":{"allow":["GET"]}}],"collection":[{"href":"https:\/\/soict.hust.edu.vn\/graduation-day\/wp-json\/wp\/v2\/pages"}],"about":[{"href":"https:\/\/soict.hust.edu.vn\/graduation-day\/wp-json\/wp\/v2\/types\/page"}],"author":[{"embeddable":true,"href":"https:\/\/soict.hust.edu.vn\/graduation-day\/wp-json\/wp\/v2\/users\/1"}],"replies":[{"embeddable":true,"href":"https:\/\/soict.hust.edu.vn\/graduation-day\/wp-json\/wp\/v2\/comments?post=103"}],"version-history":[{"count":34,"href":"https:\/\/soict.hust.edu.vn\/graduation-day\/wp-json\/wp\/v2\/pages\/103\/revisions"}],"predecessor-version":[{"id":488,"href":"https:\/\/soict.hust.edu.vn\/graduation-day\/wp-json\/wp\/v2\/pages\/103\/revisions\/488"}],"wp:attachment":[{"href":"https:\/\/soict.hust.edu.vn\/graduation-day\/wp-json\/wp\/v2\/media?parent=103"}],"curies":[{"name":"wp","href":"https:\/\/api.w.org\/{rel}","templated":true}]}}